{"id":2373,"date":"2024-05-17T11:44:54","date_gmt":"2024-05-17T11:44:54","guid":{"rendered":"https:\/\/directionpeche.tn\/?post_type=product&#038;p=2373"},"modified":"2024-12-24T14:13:14","modified_gmt":"2024-12-24T14:13:14","slug":"canne-trabucco-hypnotica-surf","status":"publish","type":"product","link":"https:\/\/directionpeche.tn\/?product=canne-trabucco-hypnotica-surf","title":{"rendered":"CANNE TRABUCCO HYPNOTICA SURF"},"content":{"rendered":"<div><strong>\u2022 Structure en CXN Nano Tek Low Resin Content Super High Modulus Carbon \u00e0 faible teneur en r\u00e9sine<\/strong><\/div>\n<div><strong>\u2022 Nouveau rev\u00eatement externe des sections Slick Surface, qui repousse l&rsquo;humidit\u00e9 et les gouttes d&rsquo;eau, \u00e9vitant l&rsquo;adh\u00e9rence de la ligne \u00e0 la tige<\/strong><\/div>\n<div><strong>\u2022 Articulations gain\u00e9es de carbone \u00e0 45\u00b0 pour obtenir une courbe d&rsquo;action parfaite (X Joint)<\/strong><\/div>\n<div><strong>\u2022 Vetta Hybrid Tip avec pointe enti\u00e8rement en carbone sans bouchon sur la pointe tubulaire, obtenant une sensibilit\u00e9 extr\u00eame<\/strong><\/div>\n<div><strong>\u2022 Partie finale de la pointe color\u00e9e avec de la peinture haute visibilit\u00e9, avec bande r\u00e9fl\u00e9chissante<\/strong><\/div>\n<div><strong>\u2022 En correspondance des articulations une poign\u00e9e sp\u00e9ciale facilite la prise lors du montage et du d\u00e9montage des sections<\/strong><\/div>\n<div><strong>\u2022 Anneaux fix\u00e9s avec des doubles ligatures, n\u00e9cessaires pour garantir l&rsquo;\u00e9tanch\u00e9it\u00e9 contre la corrosion et le sel<\/strong><\/div>\n<div><strong>\u2022 Poign\u00e9e inf\u00e9rieure exclusive en mat\u00e9riau antid\u00e9rapant avec nervure en relief et bouton en caoutchouc pour une excellente adh\u00e9rence lors du lancement<\/strong><\/div>\n","protected":false},"excerpt":{"rendered":"<p>\u2022 Structure en CXN Nano Tek Low Resin Content Super High Modulus Carbon \u00e0 faible teneur en r\u00e9sine \u2022 Nouveau<\/p>\n","protected":false},"featured_media":2378,"comment_status":"open","ping_status":"closed","template":"","meta":[],"product_brand":[],"product_cat":[78,22],"product_tag":[],"class_list":{"0":"post-2373","1":"product","2":"type-product","3":"status-publish","4":"has-post-thumbnail","6":"product_cat-cannessurfcasting","7":"product_cat-surfcasting","9":"first","10":"outofstock","11":"taxable","12":"shipping-taxable","13":"purchasable","14":"product-type-variable"},"jetpack_sharing_enabled":true,"_links":{"self":[{"href":"https:\/\/directionpeche.tn\/index.php?rest_route=\/wp\/v2\/product\/2373","targetHints":{"allow":["GET"]}}],"collection":[{"href":"https:\/\/directionpeche.tn\/index.php?rest_route=\/wp\/v2\/product"}],"about":[{"href":"https:\/\/directionpeche.tn\/index.php?rest_route=\/wp\/v2\/types\/product"}],"replies":[{"embeddable":true,"href":"https:\/\/directionpeche.tn\/index.php?rest_route=%2Fwp%2Fv2%2Fcomments&post=2373"}],"version-history":[{"count":1,"href":"https:\/\/directionpeche.tn\/index.php?rest_route=\/wp\/v2\/product\/2373\/revisions"}],"predecessor-version":[{"id":2379,"href":"https:\/\/directionpeche.tn\/index.php?rest_route=\/wp\/v2\/product\/2373\/revisions\/2379"}],"wp:featuredmedia":[{"embeddable":true,"href":"https:\/\/directionpeche.tn\/index.php?rest_route=\/wp\/v2\/media\/2378"}],"wp:attachment":[{"href":"https:\/\/directionpeche.tn\/index.php?rest_route=%2Fwp%2Fv2%2Fmedia&parent=2373"}],"wp:term":[{"taxonomy":"product_brand","embeddable":true,"href":"https:\/\/directionpeche.tn\/index.php?rest_route=%2Fwp%2Fv2%2Fproduct_brand&post=2373"},{"taxonomy":"product_cat","embeddable":true,"href":"https:\/\/directionpeche.tn\/index.php?rest_route=%2Fwp%2Fv2%2Fproduct_cat&post=2373"},{"taxonomy":"product_tag","embeddable":true,"href":"https:\/\/directionpeche.tn\/index.php?rest_route=%2Fwp%2Fv2%2Fproduct_tag&post=2373"}],"curies":[{"name":"wp","href":"https:\/\/api.w.org\/{rel}","templated":true}]}}