{"id":2380,"date":"2024-05-17T11:58:44","date_gmt":"2024-05-17T11:58:44","guid":{"rendered":"https:\/\/directionpeche.tn\/?post_type=product&#038;p=2380"},"modified":"2024-08-03T13:37:36","modified_gmt":"2024-08-03T13:37:36","slug":"canne-trabucco-master-02-tps-4-20m-227gr","status":"publish","type":"product","link":"https:\/\/directionpeche.tn\/?product=canne-trabucco-master-02-tps-4-20m-227gr","title":{"rendered":"CANNE TRABUCCO MASTER 02 TPS 4.20M 227GR"},"content":{"rendered":"<h5>Les nouvelles cannes Surfcasting Trabucco Master 02 TPS sont ici dans leurs deux variantes :<\/h5>\n<h5>Trabucco Master 02 TPS-K : Avec anneaux Fuji K<\/h5>\n<h5>Apr\u00e8s la grande acceptation du public du Trabucco Master 01 TPS, les 02 et 03 arrivent.<\/h5>\n<h5>Les mod\u00e8les 02 sont des cannes hybrides TR\u00c8S lanceuses avec un excellent hybride qui permettent un excellent marquage sur le pointeur.\u00a0Ils contribuent \u00e9galement \u00e0 la r\u00e9cup\u00e9ration des captures importantes.<\/h5>\n<h5>Dans ce cas, le mod\u00e8le Trabucco Master 02 TPS pr\u00e9sente les caract\u00e9ristiques suivantes pour la p\u00eache en Surfcasting :<\/h5>\n<h5>Longueur : 4,20 m\u00e8tres.<\/h5>\n<h5>Actions 100-227.<\/h5>\n<h5>3 volets.<\/h5>\n<h5>Bout de conception \u00e0 pointe sensible.<\/h5>\n<h5>Syst\u00e8me de treillis en carbone Twist XX FREE.<\/h5>\n<h5>Nanotubes de carbone unidirectionnels.<\/h5>\n<h5>Syst\u00e8me de connexion X-Joint.<\/h5>\n<h5>Faible teneur en r\u00e9sine (faible teneur en r\u00e9sine).<\/h5>\n","protected":false},"excerpt":{"rendered":"<p>Les nouvelles cannes Surfcasting Trabucco Master 02 TPS sont ici dans leurs deux variantes : Trabucco Master 02 TPS-K :<\/p>\n","protected":false},"featured_media":2381,"comment_status":"open","ping_status":"closed","template":"","meta":[],"product_brand":[],"product_cat":[78,22],"product_tag":[],"class_list":{"0":"post-2380","1":"product","2":"type-product","3":"status-publish","4":"has-post-thumbnail","6":"product_cat-cannessurfcasting","7":"product_cat-surfcasting","9":"first","10":"instock","11":"taxable","12":"shipping-taxable","13":"purchasable","14":"product-type-simple"},"jetpack_sharing_enabled":true,"_links":{"self":[{"href":"https:\/\/directionpeche.tn\/index.php?rest_route=\/wp\/v2\/product\/2380","targetHints":{"allow":["GET"]}}],"collection":[{"href":"https:\/\/directionpeche.tn\/index.php?rest_route=\/wp\/v2\/product"}],"about":[{"href":"https:\/\/directionpeche.tn\/index.php?rest_route=\/wp\/v2\/types\/product"}],"replies":[{"embeddable":true,"href":"https:\/\/directionpeche.tn\/index.php?rest_route=%2Fwp%2Fv2%2Fcomments&post=2380"}],"version-history":[{"count":1,"href":"https:\/\/directionpeche.tn\/index.php?rest_route=\/wp\/v2\/product\/2380\/revisions"}],"predecessor-version":[{"id":2382,"href":"https:\/\/directionpeche.tn\/index.php?rest_route=\/wp\/v2\/product\/2380\/revisions\/2382"}],"wp:featuredmedia":[{"embeddable":true,"href":"https:\/\/directionpeche.tn\/index.php?rest_route=\/wp\/v2\/media\/2381"}],"wp:attachment":[{"href":"https:\/\/directionpeche.tn\/index.php?rest_route=%2Fwp%2Fv2%2Fmedia&parent=2380"}],"wp:term":[{"taxonomy":"product_brand","embeddable":true,"href":"https:\/\/directionpeche.tn\/index.php?rest_route=%2Fwp%2Fv2%2Fproduct_brand&post=2380"},{"taxonomy":"product_cat","embeddable":true,"href":"https:\/\/directionpeche.tn\/index.php?rest_route=%2Fwp%2Fv2%2Fproduct_cat&post=2380"},{"taxonomy":"product_tag","embeddable":true,"href":"https:\/\/directionpeche.tn\/index.php?rest_route=%2Fwp%2Fv2%2Fproduct_tag&post=2380"}],"curies":[{"name":"wp","href":"https:\/\/api.w.org\/{rel}","templated":true}]}}