{"id":2408,"date":"2024-05-17T13:48:09","date_gmt":"2024-05-17T13:48:09","guid":{"rendered":"https:\/\/directionpeche.tn\/?post_type=product&#038;p=2408"},"modified":"2025-06-25T16:27:01","modified_gmt":"2025-06-25T16:27:01","slug":"hamecons-trabucco-hisashi-10026","status":"publish","type":"product","link":"https:\/\/directionpeche.tn\/?product=hamecons-trabucco-hisashi-10026","title":{"rendered":"HAME\u00c7ONS TRABUCCO HISASHI 10026"},"content":{"rendered":"<h5 id=\"tw-target-text\" class=\"tw-data-text tw-text-large tw-ta\" dir=\"ltr\" data-placeholder=\"Traduction\" aria-label=\"Texte traduit\" data-ved=\"2ahUKEwjn6vq26JSGAxWwSKQEHXogA9IQ3ewLegQIBhAU\"><span class=\"Y2IQFc\" lang=\"fr\">Hame\u00e7on sp\u00e9cialis\u00e9 \u00e0 tige courte <\/span><\/h5>\n<h5 class=\"tw-data-text tw-text-large tw-ta\" dir=\"ltr\" data-placeholder=\"Traduction\" aria-label=\"Texte traduit\" data-ved=\"2ahUKEwjn6vq26JSGAxWwSKQEHXogA9IQ3ewLegQIBhAU\"><span class=\"Y2IQFc\" lang=\"fr\">Finition nickel noir <\/span><\/h5>\n<h5 class=\"tw-data-text tw-text-large tw-ta\" dir=\"ltr\" data-placeholder=\"Traduction\" aria-label=\"Texte traduit\" data-ved=\"2ahUKEwjn6vq26JSGAxWwSKQEHXogA9IQ3ewLegQIBhAU\"><span class=\"Y2IQFc\" lang=\"fr\">Tige courte Courbure d\u00e9cal\u00e9e <\/span><\/h5>\n<h5 class=\"tw-data-text tw-text-large tw-ta\" dir=\"ltr\" data-placeholder=\"Traduction\" aria-label=\"Texte traduit\" data-ved=\"2ahUKEwjn6vq26JSGAxWwSKQEHXogA9IQ3ewLegQIBhAU\"><span class=\"Y2IQFc\" lang=\"fr\">Pointe d&rsquo;aiguille incurv\u00e9e<\/span><\/h5>\n","protected":false},"excerpt":{"rendered":"<p>Hame\u00e7on sp\u00e9cialis\u00e9 \u00e0 tige courte Finition nickel noir Tige courte Courbure d\u00e9cal\u00e9e Pointe d&rsquo;aiguille incurv\u00e9e<\/p>\n","protected":false},"featured_media":2409,"comment_status":"open","ping_status":"closed","template":"","meta":[],"product_brand":[],"product_cat":[32,75,81,22],"product_tag":[],"class_list":{"0":"post-2408","1":"product","2":"type-product","3":"status-publish","4":"has-post-thumbnail","6":"product_cat-bateau","7":"product_cat-hamecons","8":"product_cat-hamecons-surfcasting","9":"product_cat-surfcasting","11":"first","12":"instock","13":"taxable","14":"shipping-taxable","15":"purchasable","16":"product-type-variable"},"jetpack_sharing_enabled":true,"_links":{"self":[{"href":"https:\/\/directionpeche.tn\/index.php?rest_route=\/wp\/v2\/product\/2408","targetHints":{"allow":["GET"]}}],"collection":[{"href":"https:\/\/directionpeche.tn\/index.php?rest_route=\/wp\/v2\/product"}],"about":[{"href":"https:\/\/directionpeche.tn\/index.php?rest_route=\/wp\/v2\/types\/product"}],"replies":[{"embeddable":true,"href":"https:\/\/directionpeche.tn\/index.php?rest_route=%2Fwp%2Fv2%2Fcomments&post=2408"}],"version-history":[{"count":1,"href":"https:\/\/directionpeche.tn\/index.php?rest_route=\/wp\/v2\/product\/2408\/revisions"}],"predecessor-version":[{"id":2414,"href":"https:\/\/directionpeche.tn\/index.php?rest_route=\/wp\/v2\/product\/2408\/revisions\/2414"}],"wp:featuredmedia":[{"embeddable":true,"href":"https:\/\/directionpeche.tn\/index.php?rest_route=\/wp\/v2\/media\/2409"}],"wp:attachment":[{"href":"https:\/\/directionpeche.tn\/index.php?rest_route=%2Fwp%2Fv2%2Fmedia&parent=2408"}],"wp:term":[{"taxonomy":"product_brand","embeddable":true,"href":"https:\/\/directionpeche.tn\/index.php?rest_route=%2Fwp%2Fv2%2Fproduct_brand&post=2408"},{"taxonomy":"product_cat","embeddable":true,"href":"https:\/\/directionpeche.tn\/index.php?rest_route=%2Fwp%2Fv2%2Fproduct_cat&post=2408"},{"taxonomy":"product_tag","embeddable":true,"href":"https:\/\/directionpeche.tn\/index.php?rest_route=%2Fwp%2Fv2%2Fproduct_tag&post=2408"}],"curies":[{"name":"wp","href":"https:\/\/api.w.org\/{rel}","templated":true}]}}