{"id":2456,"date":"2024-05-20T16:26:29","date_gmt":"2024-05-20T16:26:29","guid":{"rendered":"https:\/\/directionpeche.tn\/?post_type=product&#038;p=2456"},"modified":"2025-06-26T11:41:12","modified_gmt":"2025-06-26T11:41:12","slug":"turlutte-trabucco-fierce-squid-jig-3-5gr","status":"publish","type":"product","link":"https:\/\/directionpeche.tn\/?product=turlutte-trabucco-fierce-squid-jig-3-5gr","title":{"rendered":"TURLUTTE TRABUCCO FIERCE SQUID JIG 3.5GR"},"content":{"rendered":"<p><strong>Fierce Squid Jig de Trabucco repr\u00e9sente un v\u00e9ritable atout \u00e0 la disposition des p\u00eacheurs de seiches et de calmars. Fabriqu\u00e9 avec soin et en utilisant des mat\u00e9riaux s\u00e9lectionn\u00e9s, avec des couleurs particuli\u00e8res<\/strong><br \/>\n<strong>prendre soin de; Fierce Squid Jig reproduit fid\u00e8lement les proies c\u00e9phalopodes les plus courantes, combinant d&rsquo;excellentes capacit\u00e9s de lancer, une action de nage et de dard lors de secousses capables de d\u00e9clencher l&rsquo;attaque du pr\u00e9dateur dans de nombreux cas. Egi id\u00e9al pour r\u00e9soudre des situations compliqu\u00e9es, parfait \u00e0 la fois pour p\u00eacher \u00e0 la d\u00e9rive du bateau et pour p\u00eacher \u00e0 partir de quais ou de falaises.<\/strong><\/p>\n<p><strong>\u00c9quip\u00e9s d&rsquo;yeux agrandis et tridimensionnels, ils augmentent le pouvoir attractif dans des conditions de faible luminosit\u00e9. Les coloris<\/strong><br \/>\n<strong>ils sont fabriqu\u00e9s en combinaison avec le corps pour augmenter les attaques<\/strong><\/p>\n","protected":false},"excerpt":{"rendered":"<p>Fierce Squid Jig de Trabucco repr\u00e9sente un v\u00e9ritable atout \u00e0 la disposition des p\u00eacheurs de seiches et de calmars. Fabriqu\u00e9<\/p>\n","protected":false},"featured_media":2934,"comment_status":"open","ping_status":"closed","template":"","meta":[],"product_brand":[],"product_cat":[165,73],"product_tag":[],"class_list":{"0":"post-2456","1":"product","2":"type-product","3":"status-publish","4":"has-post-thumbnail","6":"product_cat-leurres","7":"product_cat-leurresjigs","9":"first","10":"instock","11":"taxable","12":"shipping-taxable","13":"purchasable","14":"product-type-variable"},"jetpack_sharing_enabled":true,"_links":{"self":[{"href":"https:\/\/directionpeche.tn\/index.php?rest_route=\/wp\/v2\/product\/2456","targetHints":{"allow":["GET"]}}],"collection":[{"href":"https:\/\/directionpeche.tn\/index.php?rest_route=\/wp\/v2\/product"}],"about":[{"href":"https:\/\/directionpeche.tn\/index.php?rest_route=\/wp\/v2\/types\/product"}],"replies":[{"embeddable":true,"href":"https:\/\/directionpeche.tn\/index.php?rest_route=%2Fwp%2Fv2%2Fcomments&post=2456"}],"version-history":[{"count":3,"href":"https:\/\/directionpeche.tn\/index.php?rest_route=\/wp\/v2\/product\/2456\/revisions"}],"predecessor-version":[{"id":2725,"href":"https:\/\/directionpeche.tn\/index.php?rest_route=\/wp\/v2\/product\/2456\/revisions\/2725"}],"wp:featuredmedia":[{"embeddable":true,"href":"https:\/\/directionpeche.tn\/index.php?rest_route=\/wp\/v2\/media\/2934"}],"wp:attachment":[{"href":"https:\/\/directionpeche.tn\/index.php?rest_route=%2Fwp%2Fv2%2Fmedia&parent=2456"}],"wp:term":[{"taxonomy":"product_brand","embeddable":true,"href":"https:\/\/directionpeche.tn\/index.php?rest_route=%2Fwp%2Fv2%2Fproduct_brand&post=2456"},{"taxonomy":"product_cat","embeddable":true,"href":"https:\/\/directionpeche.tn\/index.php?rest_route=%2Fwp%2Fv2%2Fproduct_cat&post=2456"},{"taxonomy":"product_tag","embeddable":true,"href":"https:\/\/directionpeche.tn\/index.php?rest_route=%2Fwp%2Fv2%2Fproduct_tag&post=2456"}],"curies":[{"name":"wp","href":"https:\/\/api.w.org\/{rel}","templated":true}]}}