{"id":2475,"date":"2024-05-20T17:18:51","date_gmt":"2024-05-20T17:18:51","guid":{"rendered":"https:\/\/directionpeche.tn\/?post_type=product&#038;p=2475"},"modified":"2024-08-03T13:29:43","modified_gmt":"2024-08-03T13:29:43","slug":"leurres-trabucco-shirasu-30g-55mm","status":"publish","type":"product","link":"https:\/\/directionpeche.tn\/?product=leurres-trabucco-shirasu-30g-55mm","title":{"rendered":"LEURRES TRABUCCO SHIRASU 30g\/55mm"},"content":{"rendered":"<h5>L&rsquo;observation de l&rsquo;endroit o\u00f9 concentre l&rsquo;activit\u00e9 des pr\u00e9dateurs les petits poissons fourrages est facilit\u00e9e par l&rsquo;excitation des oiseaux marins et constitue un \u00e9l\u00e9ment essentiel du gibier. Dans de telles circonstances, les leurres id\u00e9aux sont les casting jigs m\u00e9talliques, parmi lesquels se distingue le Shirasu, la proposition sp\u00e9cifique de Rapture caract\u00e9ris\u00e9e par un profil unique, con\u00e7ue avec l&rsquo;aide d&rsquo;un ordinateur pour obtenir une attitude de vol optimale et atteindre de grandes distances, sans perturber le banc de poissons. Nous recommandons une r\u00e9cup\u00e9ration lin\u00e9aire \u00e0 bonne vitesse, afin de stimuler l&rsquo;attaque des poissons bleus, liches, bonites et petits thons. Pour faciliter l&rsquo;utilisation de ce gabarit pendant les heures sombres, comme l&rsquo;aube et le cr\u00e9puscule, la gamme de couleurs disponibles comprend quatre versions avec une finition de peinture brillante, qui peuvent capter la lumi\u00e8re d&rsquo;une lampe et produire une attraction irr\u00e9sistible. L&rsquo;\u00e9quipement m\u00e9tallique a une double configuration : dans la zone de la t\u00eate, un hame\u00e7on d&rsquo;assistance habill\u00e9 d&rsquo;une plume de cristal, reli\u00e9 via un cordon PE japonais, tandis qu&rsquo;un hame\u00e7on triple solide en acier \u00e0 haute teneur en carbone, avec des points de coupe 3D, est fix\u00e9 \u00e0 l&rsquo;extr\u00e9mit\u00e9 de la queue par un anneau fendu robuste en acier inoxydable. Sur le corps de chaque gabarit le poids en grammes est finement grav\u00e9<\/h5>\n","protected":false},"excerpt":{"rendered":"<p>L&rsquo;observation de l&rsquo;endroit o\u00f9 concentre l&rsquo;activit\u00e9 des pr\u00e9dateurs les petits poissons fourrages est facilit\u00e9e par l&rsquo;excitation des oiseaux marins et<\/p>\n","protected":false},"featured_media":2621,"comment_status":"open","ping_status":"closed","template":"","meta":[],"product_brand":[],"product_cat":[32,165,73,28],"product_tag":[],"class_list":{"0":"post-2475","1":"product","2":"type-product","3":"status-publish","4":"has-post-thumbnail","6":"product_cat-bateau","7":"product_cat-leurres","8":"product_cat-leurresjigs","9":"product_cat-spinning","11":"first","12":"instock","13":"taxable","14":"shipping-taxable","15":"purchasable","16":"product-type-variable"},"jetpack_sharing_enabled":true,"_links":{"self":[{"href":"https:\/\/directionpeche.tn\/index.php?rest_route=\/wp\/v2\/product\/2475","targetHints":{"allow":["GET"]}}],"collection":[{"href":"https:\/\/directionpeche.tn\/index.php?rest_route=\/wp\/v2\/product"}],"about":[{"href":"https:\/\/directionpeche.tn\/index.php?rest_route=\/wp\/v2\/types\/product"}],"replies":[{"embeddable":true,"href":"https:\/\/directionpeche.tn\/index.php?rest_route=%2Fwp%2Fv2%2Fcomments&post=2475"}],"version-history":[{"count":3,"href":"https:\/\/directionpeche.tn\/index.php?rest_route=\/wp\/v2\/product\/2475\/revisions"}],"predecessor-version":[{"id":2730,"href":"https:\/\/directionpeche.tn\/index.php?rest_route=\/wp\/v2\/product\/2475\/revisions\/2730"}],"wp:featuredmedia":[{"embeddable":true,"href":"https:\/\/directionpeche.tn\/index.php?rest_route=\/wp\/v2\/media\/2621"}],"wp:attachment":[{"href":"https:\/\/directionpeche.tn\/index.php?rest_route=%2Fwp%2Fv2%2Fmedia&parent=2475"}],"wp:term":[{"taxonomy":"product_brand","embeddable":true,"href":"https:\/\/directionpeche.tn\/index.php?rest_route=%2Fwp%2Fv2%2Fproduct_brand&post=2475"},{"taxonomy":"product_cat","embeddable":true,"href":"https:\/\/directionpeche.tn\/index.php?rest_route=%2Fwp%2Fv2%2Fproduct_cat&post=2475"},{"taxonomy":"product_tag","embeddable":true,"href":"https:\/\/directionpeche.tn\/index.php?rest_route=%2Fwp%2Fv2%2Fproduct_tag&post=2475"}],"curies":[{"name":"wp","href":"https:\/\/api.w.org\/{rel}","templated":true}]}}