{"id":2489,"date":"2024-05-20T17:32:58","date_gmt":"2024-05-20T17:32:58","guid":{"rendered":"https:\/\/directionpeche.tn\/?post_type=product&#038;p=2489"},"modified":"2024-08-03T13:29:43","modified_gmt":"2024-08-03T13:29:43","slug":"accroche-rapide-trabucco-powerclip-10-pcs","status":"publish","type":"product","link":"https:\/\/directionpeche.tn\/?product=accroche-rapide-trabucco-powerclip-10-pcs","title":{"rendered":"ACCROCHE RAPIDE TRABUCCO POWERCLIP 10 PCS"},"content":{"rendered":"<h5 id=\"tw-target-text\" class=\"tw-data-text tw-text-large tw-ta\" dir=\"ltr\" data-placeholder=\"Traduction\" aria-label=\"Texte traduit\" data-ved=\"2ahUKEwiOzavgwMKGAxXSV6QEHfaIBqoQ3ewLegQIBhAU\"><span class=\"Y2IQFc\" lang=\"fr\">Clips pour relier les poutres dans le surf en acier inoxydable. Super r\u00e9sistant avec gaine thermor\u00e9tractable pr\u00e9form\u00e9e plus \u00e9paisse que les traditionnelles pour garantir une fiabilit\u00e9 et une plus grande durabilit\u00e9 dans le temps. Pack de 10 connecteurs disponibles en deux tailles, petite et grande.<\/span><\/h5>\n","protected":false},"excerpt":{"rendered":"<p>Clips pour relier les poutres dans le surf en acier inoxydable. Super r\u00e9sistant avec gaine thermor\u00e9tractable pr\u00e9form\u00e9e plus \u00e9paisse que<\/p>\n","protected":false},"featured_media":2490,"comment_status":"open","ping_status":"closed","template":"","meta":[],"product_brand":[],"product_cat":[85,22],"product_tag":[],"class_list":{"0":"post-2489","1":"product","2":"type-product","3":"status-publish","4":"has-post-thumbnail","6":"product_cat-accessoiresdivers-surfcasting","7":"product_cat-surfcasting","9":"first","10":"instock","11":"taxable","12":"shipping-taxable","13":"purchasable","14":"product-type-variable"},"jetpack_sharing_enabled":true,"_links":{"self":[{"href":"https:\/\/directionpeche.tn\/index.php?rest_route=\/wp\/v2\/product\/2489","targetHints":{"allow":["GET"]}}],"collection":[{"href":"https:\/\/directionpeche.tn\/index.php?rest_route=\/wp\/v2\/product"}],"about":[{"href":"https:\/\/directionpeche.tn\/index.php?rest_route=\/wp\/v2\/types\/product"}],"replies":[{"embeddable":true,"href":"https:\/\/directionpeche.tn\/index.php?rest_route=%2Fwp%2Fv2%2Fcomments&post=2489"}],"version-history":[{"count":2,"href":"https:\/\/directionpeche.tn\/index.php?rest_route=\/wp\/v2\/product\/2489\/revisions"}],"predecessor-version":[{"id":2731,"href":"https:\/\/directionpeche.tn\/index.php?rest_route=\/wp\/v2\/product\/2489\/revisions\/2731"}],"wp:featuredmedia":[{"embeddable":true,"href":"https:\/\/directionpeche.tn\/index.php?rest_route=\/wp\/v2\/media\/2490"}],"wp:attachment":[{"href":"https:\/\/directionpeche.tn\/index.php?rest_route=%2Fwp%2Fv2%2Fmedia&parent=2489"}],"wp:term":[{"taxonomy":"product_brand","embeddable":true,"href":"https:\/\/directionpeche.tn\/index.php?rest_route=%2Fwp%2Fv2%2Fproduct_brand&post=2489"},{"taxonomy":"product_cat","embeddable":true,"href":"https:\/\/directionpeche.tn\/index.php?rest_route=%2Fwp%2Fv2%2Fproduct_cat&post=2489"},{"taxonomy":"product_tag","embeddable":true,"href":"https:\/\/directionpeche.tn\/index.php?rest_route=%2Fwp%2Fv2%2Fproduct_tag&post=2489"}],"curies":[{"name":"wp","href":"https:\/\/api.w.org\/{rel}","templated":true}]}}