{"id":2534,"date":"2024-05-21T15:08:29","date_gmt":"2024-05-21T15:08:29","guid":{"rendered":"https:\/\/directionpeche.tn\/?post_type=product&#038;p=2534"},"modified":"2024-08-03T13:37:09","modified_gmt":"2024-08-03T13:37:09","slug":"emerillon-agrafe-trabucco-german-snap-n18-5pcs","status":"publish","type":"product","link":"https:\/\/directionpeche.tn\/?product=emerillon-agrafe-trabucco-german-snap-n18-5pcs","title":{"rendered":"EMERILLON AGRAFE TRABUCCO GERMAN SNAP N\u00b018 5PCS"},"content":{"rendered":"<h5>Trabucco Rolling German Snap est un support avec agrafe qui r\u00e9alise la norme la plus<\/h5>\n<h5>\u00e9lev\u00e9e, avec ces accessoires pour un projet con\u00e7u pour un visage plus difficile \u00e0 placer<\/h5>\n<h5>dans une zone de p\u00eache.<\/h5>\n<h5>Sp\u00e9cifications :<\/h5>\n<h5>Taille : n\u00b0 18<\/h5>\n<h5>Charge : 10kg<\/h5>\n","protected":false},"excerpt":{"rendered":"<p>Trabucco Rolling German Snap est un support avec agrafe qui r\u00e9alise la norme la plus \u00e9lev\u00e9e, avec ces accessoires pour<\/p>\n","protected":false},"featured_media":2535,"comment_status":"open","ping_status":"closed","template":"","meta":[],"product_brand":[],"product_cat":[77,85,166,32,28,22],"product_tag":[],"class_list":{"0":"post-2534","1":"product","2":"type-product","3":"status-publish","4":"has-post-thumbnail","6":"product_cat-accessoiresdivers","7":"product_cat-accessoiresdivers-surfcasting","8":"product_cat-accessoiresdivers-spinning","9":"product_cat-bateau","10":"product_cat-spinning","11":"product_cat-surfcasting","13":"first","14":"instock","15":"taxable","16":"shipping-taxable","17":"purchasable","18":"product-type-simple"},"jetpack_sharing_enabled":true,"_links":{"self":[{"href":"https:\/\/directionpeche.tn\/index.php?rest_route=\/wp\/v2\/product\/2534","targetHints":{"allow":["GET"]}}],"collection":[{"href":"https:\/\/directionpeche.tn\/index.php?rest_route=\/wp\/v2\/product"}],"about":[{"href":"https:\/\/directionpeche.tn\/index.php?rest_route=\/wp\/v2\/types\/product"}],"replies":[{"embeddable":true,"href":"https:\/\/directionpeche.tn\/index.php?rest_route=%2Fwp%2Fv2%2Fcomments&post=2534"}],"version-history":[{"count":3,"href":"https:\/\/directionpeche.tn\/index.php?rest_route=\/wp\/v2\/product\/2534\/revisions"}],"predecessor-version":[{"id":2741,"href":"https:\/\/directionpeche.tn\/index.php?rest_route=\/wp\/v2\/product\/2534\/revisions\/2741"}],"wp:featuredmedia":[{"embeddable":true,"href":"https:\/\/directionpeche.tn\/index.php?rest_route=\/wp\/v2\/media\/2535"}],"wp:attachment":[{"href":"https:\/\/directionpeche.tn\/index.php?rest_route=%2Fwp%2Fv2%2Fmedia&parent=2534"}],"wp:term":[{"taxonomy":"product_brand","embeddable":true,"href":"https:\/\/directionpeche.tn\/index.php?rest_route=%2Fwp%2Fv2%2Fproduct_brand&post=2534"},{"taxonomy":"product_cat","embeddable":true,"href":"https:\/\/directionpeche.tn\/index.php?rest_route=%2Fwp%2Fv2%2Fproduct_cat&post=2534"},{"taxonomy":"product_tag","embeddable":true,"href":"https:\/\/directionpeche.tn\/index.php?rest_route=%2Fwp%2Fv2%2Fproduct_tag&post=2534"}],"curies":[{"name":"wp","href":"https:\/\/api.w.org\/{rel}","templated":true}]}}