{"id":2537,"date":"2024-05-21T15:22:21","date_gmt":"2024-05-21T15:22:21","guid":{"rendered":"https:\/\/directionpeche.tn\/?post_type=product&#038;p=2537"},"modified":"2024-12-06T10:43:35","modified_gmt":"2024-12-06T10:43:35","slug":"waggler-trabucco-ghost-match-45","status":"publish","type":"product","link":"https:\/\/directionpeche.tn\/?product=waggler-trabucco-ghost-match-45","title":{"rendered":"TRABUCCO GHOST MATCH 45"},"content":{"rendered":"<h5 id=\"tw-target-text\" class=\"tw-data-text tw-text-large tw-ta\" dir=\"ltr\" data-placeholder=\"Traduction\" aria-label=\"Texte traduit\" data-ved=\"2ahUKEwj98uuKhJ-GAxWwSKQEHQeNCGEQ3ewLegQIBRAU\"><span class=\"Y2IQFc\" lang=\"fr\">Nouveaux mod\u00e8les pour la p\u00eache anglaise construits avec une canne en polycarbonate, absolument r\u00e9sistante \u00e0 la chaleur et aux chocs du corps en polyur\u00e9thane totalement \u00e9tanche. Les deux mod\u00e8les sont \u00e9quip\u00e9s de disques en laiton pour permettre le r\u00e9glage du fil dans la ligne. Le mod\u00e8le 45 permet de remplacer l&rsquo;antenne fournie par star light .<\/span><\/h5>\n","protected":false},"excerpt":{"rendered":"<p>Nouveaux mod\u00e8les pour la p\u00eache anglaise construits avec une canne en polycarbonate, absolument r\u00e9sistante \u00e0 la chaleur et aux chocs<\/p>\n","protected":false},"featured_media":2538,"comment_status":"open","ping_status":"closed","template":"","meta":[],"product_brand":[],"product_cat":[292,31],"product_tag":[],"class_list":{"0":"post-2537","1":"product","2":"type-product","3":"status-publish","4":"has-post-thumbnail","6":"product_cat-flotteur","7":"product_cat-pecheauflotteur","9":"first","10":"instock","11":"taxable","12":"shipping-taxable","13":"purchasable","14":"product-type-variable"},"jetpack_sharing_enabled":true,"_links":{"self":[{"href":"https:\/\/directionpeche.tn\/index.php?rest_route=\/wp\/v2\/product\/2537","targetHints":{"allow":["GET"]}}],"collection":[{"href":"https:\/\/directionpeche.tn\/index.php?rest_route=\/wp\/v2\/product"}],"about":[{"href":"https:\/\/directionpeche.tn\/index.php?rest_route=\/wp\/v2\/types\/product"}],"replies":[{"embeddable":true,"href":"https:\/\/directionpeche.tn\/index.php?rest_route=%2Fwp%2Fv2%2Fcomments&post=2537"}],"version-history":[{"count":2,"href":"https:\/\/directionpeche.tn\/index.php?rest_route=\/wp\/v2\/product\/2537\/revisions"}],"predecessor-version":[{"id":2742,"href":"https:\/\/directionpeche.tn\/index.php?rest_route=\/wp\/v2\/product\/2537\/revisions\/2742"}],"wp:featuredmedia":[{"embeddable":true,"href":"https:\/\/directionpeche.tn\/index.php?rest_route=\/wp\/v2\/media\/2538"}],"wp:attachment":[{"href":"https:\/\/directionpeche.tn\/index.php?rest_route=%2Fwp%2Fv2%2Fmedia&parent=2537"}],"wp:term":[{"taxonomy":"product_brand","embeddable":true,"href":"https:\/\/directionpeche.tn\/index.php?rest_route=%2Fwp%2Fv2%2Fproduct_brand&post=2537"},{"taxonomy":"product_cat","embeddable":true,"href":"https:\/\/directionpeche.tn\/index.php?rest_route=%2Fwp%2Fv2%2Fproduct_cat&post=2537"},{"taxonomy":"product_tag","embeddable":true,"href":"https:\/\/directionpeche.tn\/index.php?rest_route=%2Fwp%2Fv2%2Fproduct_tag&post=2537"}],"curies":[{"name":"wp","href":"https:\/\/api.w.org\/{rel}","templated":true}]}}