{"id":2792,"date":"2024-06-28T12:02:57","date_gmt":"2024-06-28T12:02:57","guid":{"rendered":"https:\/\/directionpeche.tn\/?post_type=product&#038;p=2792"},"modified":"2024-08-03T13:26:18","modified_gmt":"2024-08-03T13:26:18","slug":"hamecon-trabucco-hisashi-10607-n","status":"publish","type":"product","link":"https:\/\/directionpeche.tn\/?product=hamecon-trabucco-hisashi-10607-n","title":{"rendered":"HAME\u00c7ON TRABUCCO HISASHI 10607 N"},"content":{"rendered":"<h5>Un classique intemporel dans le domaine de la p\u00eache de la truite en \u00e9tang avec l\u2019innovation du micro ardillon.<\/h5>\n<h5>Sa structure est assez fine pour faciliter la rotation de l\u2019app\u00e2t, mais assez solide pour r\u00e9sister au stress de l\u2019assaut de la truite en vol.<\/h5>\n<h5>La finition nickel\u00e9e prot\u00e8ge la pointe de l&rsquo;usure et, en m\u00eame temps, ajoute de l&rsquo;attrait \u00e0 l&rsquo;app\u00e2t gr\u00e2ce \u00e0 son \u00e9clat. Il est recommand\u00e9 de le monter le cheveu vers le haut.<\/h5>\n","protected":false},"excerpt":{"rendered":"<p>Un classique intemporel dans le domaine de la p\u00eache de la truite en \u00e9tang avec l\u2019innovation du micro ardillon. Sa<\/p>\n","protected":false},"featured_media":2794,"comment_status":"open","ping_status":"closed","template":"","meta":[],"product_brand":[],"product_cat":[81,258,31,22],"product_tag":[],"class_list":{"0":"post-2792","1":"product","2":"type-product","3":"status-publish","4":"has-post-thumbnail","6":"product_cat-hamecons-surfcasting","7":"product_cat-hamecons-pecheauflotteur","8":"product_cat-pecheauflotteur","9":"product_cat-surfcasting","11":"first","12":"instock","13":"taxable","14":"shipping-taxable","15":"purchasable","16":"product-type-variable"},"jetpack_sharing_enabled":true,"_links":{"self":[{"href":"https:\/\/directionpeche.tn\/index.php?rest_route=\/wp\/v2\/product\/2792","targetHints":{"allow":["GET"]}}],"collection":[{"href":"https:\/\/directionpeche.tn\/index.php?rest_route=\/wp\/v2\/product"}],"about":[{"href":"https:\/\/directionpeche.tn\/index.php?rest_route=\/wp\/v2\/types\/product"}],"replies":[{"embeddable":true,"href":"https:\/\/directionpeche.tn\/index.php?rest_route=%2Fwp%2Fv2%2Fcomments&post=2792"}],"version-history":[{"count":1,"href":"https:\/\/directionpeche.tn\/index.php?rest_route=\/wp\/v2\/product\/2792\/revisions"}],"predecessor-version":[{"id":2797,"href":"https:\/\/directionpeche.tn\/index.php?rest_route=\/wp\/v2\/product\/2792\/revisions\/2797"}],"wp:featuredmedia":[{"embeddable":true,"href":"https:\/\/directionpeche.tn\/index.php?rest_route=\/wp\/v2\/media\/2794"}],"wp:attachment":[{"href":"https:\/\/directionpeche.tn\/index.php?rest_route=%2Fwp%2Fv2%2Fmedia&parent=2792"}],"wp:term":[{"taxonomy":"product_brand","embeddable":true,"href":"https:\/\/directionpeche.tn\/index.php?rest_route=%2Fwp%2Fv2%2Fproduct_brand&post=2792"},{"taxonomy":"product_cat","embeddable":true,"href":"https:\/\/directionpeche.tn\/index.php?rest_route=%2Fwp%2Fv2%2Fproduct_cat&post=2792"},{"taxonomy":"product_tag","embeddable":true,"href":"https:\/\/directionpeche.tn\/index.php?rest_route=%2Fwp%2Fv2%2Fproduct_tag&post=2792"}],"curies":[{"name":"wp","href":"https:\/\/api.w.org\/{rel}","templated":true}]}}