{"id":2807,"date":"2024-07-01T17:05:25","date_gmt":"2024-07-01T17:05:25","guid":{"rendered":"https:\/\/directionpeche.tn\/?post_type=product&#038;p=2807"},"modified":"2025-07-03T13:16:51","modified_gmt":"2025-07-03T13:16:51","slug":"moulinet-trabucco-spectrum-xsd-surf-8000","status":"publish","type":"product","link":"https:\/\/directionpeche.tn\/?product=moulinet-trabucco-spectrum-xsd-surf-8000","title":{"rendered":"MOULINET TRABUCCO SPECTRUM XSD SURF 8000"},"content":{"rendered":"<div>\u2022 Corps et rotor en graphite durci<\/div>\n<div>\u2022 Bobine avec profil en aluminium Long Cast<\/div>\n<div>super l\u00e9ger (couleur bleue)<\/div>\n<div>\u2022 Fourni avec une deuxi\u00e8me bobine de rechange en aluminium<\/div>\n<div>standard (couleur rouge) avec la m\u00eame capacit\u00e9<\/div>\n<div>\u2022 Les deux bobines sont \u00e9galement disponibles en version<\/div>\n<div>pi\u00e8ces de rechange en option<\/div>\n<div>\u2022 9+1 roulements \u00e0 billes blind\u00e9s en acier inoxydable<\/div>\n<div>\u2022 Double arbre principal en acier inoxydable<\/div>\n<div>puissance qui facilite les phases de r\u00e9cup\u00e9ration<\/div>\n<div>\u2022 Rouleau guide-fil anti-torsion recouvert de titane<\/div>\n<div>\u2022 Embrayage \u00e9quip\u00e9 du syst\u00e8me Smart Drag, qui active<\/div>\n<div>avec un demi-tour de bouton<\/div>\n<div>\u2022 Syst\u00e8me anti-retour infini<\/div>\n<div>\u2022 Le cadre Line Guard suit la bobine de haut en bas, pour<\/div>\n<div>\u00e9viter que le fil ne s&#8217;emm\u00eale en dessous<\/div>\n","protected":false},"excerpt":{"rendered":"<p>\u2022 Corps et rotor en graphite durci \u2022 Bobine avec profil en aluminium Long Cast super l\u00e9ger (couleur bleue) \u2022<\/p>\n","protected":false},"featured_media":2810,"comment_status":"open","ping_status":"closed","template":"","meta":[],"product_brand":[],"product_cat":[79,22],"product_tag":[],"class_list":{"0":"post-2807","1":"product","2":"type-product","3":"status-publish","4":"has-post-thumbnail","6":"product_cat-moulinetssurfcasting","7":"product_cat-surfcasting","9":"first","10":"instock","11":"taxable","12":"shipping-taxable","13":"purchasable","14":"product-type-simple"},"jetpack_sharing_enabled":true,"_links":{"self":[{"href":"https:\/\/directionpeche.tn\/index.php?rest_route=\/wp\/v2\/product\/2807","targetHints":{"allow":["GET"]}}],"collection":[{"href":"https:\/\/directionpeche.tn\/index.php?rest_route=\/wp\/v2\/product"}],"about":[{"href":"https:\/\/directionpeche.tn\/index.php?rest_route=\/wp\/v2\/types\/product"}],"replies":[{"embeddable":true,"href":"https:\/\/directionpeche.tn\/index.php?rest_route=%2Fwp%2Fv2%2Fcomments&post=2807"}],"version-history":[{"count":1,"href":"https:\/\/directionpeche.tn\/index.php?rest_route=\/wp\/v2\/product\/2807\/revisions"}],"predecessor-version":[{"id":2811,"href":"https:\/\/directionpeche.tn\/index.php?rest_route=\/wp\/v2\/product\/2807\/revisions\/2811"}],"wp:featuredmedia":[{"embeddable":true,"href":"https:\/\/directionpeche.tn\/index.php?rest_route=\/wp\/v2\/media\/2810"}],"wp:attachment":[{"href":"https:\/\/directionpeche.tn\/index.php?rest_route=%2Fwp%2Fv2%2Fmedia&parent=2807"}],"wp:term":[{"taxonomy":"product_brand","embeddable":true,"href":"https:\/\/directionpeche.tn\/index.php?rest_route=%2Fwp%2Fv2%2Fproduct_brand&post=2807"},{"taxonomy":"product_cat","embeddable":true,"href":"https:\/\/directionpeche.tn\/index.php?rest_route=%2Fwp%2Fv2%2Fproduct_cat&post=2807"},{"taxonomy":"product_tag","embeddable":true,"href":"https:\/\/directionpeche.tn\/index.php?rest_route=%2Fwp%2Fv2%2Fproduct_tag&post=2807"}],"curies":[{"name":"wp","href":"https:\/\/api.w.org\/{rel}","templated":true}]}}