{"id":2813,"date":"2024-07-03T10:46:09","date_gmt":"2024-07-03T10:46:09","guid":{"rendered":"https:\/\/directionpeche.tn\/?post_type=product&#038;p=2813"},"modified":"2024-08-03T15:15:59","modified_gmt":"2024-08-03T15:15:59","slug":"canne-trabucco-hydrus-neo-lake-trout","status":"publish","type":"product","link":"https:\/\/directionpeche.tn\/?product=canne-trabucco-hydrus-neo-lake-trout","title":{"rendered":"CANNE TRABUCCO HYDRUS NEO LAKE TROUT"},"content":{"rendered":"<h5>\u2022 Actions paraboliques et super-paraboliques<\/h5>\n<h5>\u2022 Structure de profil ultra fine avec des diam\u00e8tres de pr\u00e9hension tr\u00e8s fins<\/h5>\n<h5>\u2022 Pointe fendue avec pointe en carbone sensible, greff\u00e9e et li\u00e9e<\/h5>\n<h5>\u2022 Anneaux \u00e0 tige moyenne avec anneau SiC. Ensemble de bagues tr\u00e8s compact et parfait<\/h5>\n<h5>\u00a0 \u00a0jusque dans les moindres d\u00e9tails<\/h5>\n<h5>\u2022 Bandes color\u00e9es pour une identification imm\u00e9diate de l&rsquo;action<\/h5>\n<h5>\u2022 Porte-moulinet en acier et caoutchouc (taille 6)<\/h5>\n<h5>\u2022 Capuchon inf\u00e9rieur ultral\u00e9ger \u00e0 filetage interne<\/h5>\n","protected":false},"excerpt":{"rendered":"<p>\u2022 Actions paraboliques et super-paraboliques \u2022 Structure de profil ultra fine avec des diam\u00e8tres de pr\u00e9hension tr\u00e8s fins \u2022 Pointe<\/p>\n","protected":false},"featured_media":2814,"comment_status":"open","ping_status":"closed","template":"","meta":[],"product_brand":[],"product_cat":[86,31],"product_tag":[],"class_list":{"0":"post-2813","1":"product","2":"type-product","3":"status-publish","4":"has-post-thumbnail","6":"product_cat-cannesanglaise","7":"product_cat-pecheauflotteur","9":"first","10":"instock","11":"taxable","12":"shipping-taxable","13":"purchasable","14":"product-type-simple"},"jetpack_sharing_enabled":true,"_links":{"self":[{"href":"https:\/\/directionpeche.tn\/index.php?rest_route=\/wp\/v2\/product\/2813","targetHints":{"allow":["GET"]}}],"collection":[{"href":"https:\/\/directionpeche.tn\/index.php?rest_route=\/wp\/v2\/product"}],"about":[{"href":"https:\/\/directionpeche.tn\/index.php?rest_route=\/wp\/v2\/types\/product"}],"replies":[{"embeddable":true,"href":"https:\/\/directionpeche.tn\/index.php?rest_route=%2Fwp%2Fv2%2Fcomments&post=2813"}],"version-history":[{"count":1,"href":"https:\/\/directionpeche.tn\/index.php?rest_route=\/wp\/v2\/product\/2813\/revisions"}],"predecessor-version":[{"id":2820,"href":"https:\/\/directionpeche.tn\/index.php?rest_route=\/wp\/v2\/product\/2813\/revisions\/2820"}],"wp:featuredmedia":[{"embeddable":true,"href":"https:\/\/directionpeche.tn\/index.php?rest_route=\/wp\/v2\/media\/2814"}],"wp:attachment":[{"href":"https:\/\/directionpeche.tn\/index.php?rest_route=%2Fwp%2Fv2%2Fmedia&parent=2813"}],"wp:term":[{"taxonomy":"product_brand","embeddable":true,"href":"https:\/\/directionpeche.tn\/index.php?rest_route=%2Fwp%2Fv2%2Fproduct_brand&post=2813"},{"taxonomy":"product_cat","embeddable":true,"href":"https:\/\/directionpeche.tn\/index.php?rest_route=%2Fwp%2Fv2%2Fproduct_cat&post=2813"},{"taxonomy":"product_tag","embeddable":true,"href":"https:\/\/directionpeche.tn\/index.php?rest_route=%2Fwp%2Fv2%2Fproduct_tag&post=2813"}],"curies":[{"name":"wp","href":"https:\/\/api.w.org\/{rel}","templated":true}]}}