{"id":2821,"date":"2024-07-03T15:04:22","date_gmt":"2024-07-03T15:04:22","guid":{"rendered":"https:\/\/directionpeche.tn\/?post_type=product&#038;p=2821"},"modified":"2024-08-03T13:35:46","modified_gmt":"2024-08-03T13:35:46","slug":"canne-trabucco-hydrus-t-match-neo","status":"publish","type":"product","link":"https:\/\/directionpeche.tn\/?product=canne-trabucco-hydrus-t-match-neo","title":{"rendered":"CANNE TRABUCCO HYDRUS T-MATCH NEO"},"content":{"rendered":"<h5>\u2022 Cannes Telematch \u00e0 action parabolique, parfaites pour une utilisation en eau douce<\/h5>\n<h5>\u00a0 \u00a0et en mer<\/h5>\n<h5>\u2022 Fabriqu\u00e9 en carbone SHMR Haute R\u00e9sistance<\/h5>\n<h5>\u2022 Embout tubulaire extr\u00eamement sensible et capable de supporter des poids allant<\/h5>\n<h5>\u00a0 \u00a0jusqu&rsquo;\u00e0 50 grammes<\/h5>\n<h5>\u2022 Anneaux S-SiC \u00e0 tige moyenne en carbone coll\u00e9s et coulissants plac\u00e9s sur les sections<\/h5>\n<h5>\u00a0 \u00a0interm\u00e9diaires<\/h5>\n<h5>\u2022 F\u00fbt en li\u00e8ge avec porte-moulinet \u00e0 vis en graphite et acier<\/h5>\n<h5>\u2022 Bouchon \u00e0 vis en aluminium avec insert en caoutchouc<\/h5>\n","protected":false},"excerpt":{"rendered":"<p>\u2022 Cannes Telematch \u00e0 action parabolique, parfaites pour une utilisation en eau douce \u00a0 \u00a0et en mer \u2022 Fabriqu\u00e9 en<\/p>\n","protected":false},"featured_media":2824,"comment_status":"open","ping_status":"closed","template":"","meta":[],"product_brand":[],"product_cat":[86,31],"product_tag":[],"class_list":{"0":"post-2821","1":"product","2":"type-product","3":"status-publish","4":"has-post-thumbnail","6":"product_cat-cannesanglaise","7":"product_cat-pecheauflotteur","9":"first","10":"instock","11":"taxable","12":"shipping-taxable","13":"purchasable","14":"product-type-simple"},"jetpack_sharing_enabled":true,"_links":{"self":[{"href":"https:\/\/directionpeche.tn\/index.php?rest_route=\/wp\/v2\/product\/2821","targetHints":{"allow":["GET"]}}],"collection":[{"href":"https:\/\/directionpeche.tn\/index.php?rest_route=\/wp\/v2\/product"}],"about":[{"href":"https:\/\/directionpeche.tn\/index.php?rest_route=\/wp\/v2\/types\/product"}],"replies":[{"embeddable":true,"href":"https:\/\/directionpeche.tn\/index.php?rest_route=%2Fwp%2Fv2%2Fcomments&post=2821"}],"version-history":[{"count":1,"href":"https:\/\/directionpeche.tn\/index.php?rest_route=\/wp\/v2\/product\/2821\/revisions"}],"predecessor-version":[{"id":2826,"href":"https:\/\/directionpeche.tn\/index.php?rest_route=\/wp\/v2\/product\/2821\/revisions\/2826"}],"wp:featuredmedia":[{"embeddable":true,"href":"https:\/\/directionpeche.tn\/index.php?rest_route=\/wp\/v2\/media\/2824"}],"wp:attachment":[{"href":"https:\/\/directionpeche.tn\/index.php?rest_route=%2Fwp%2Fv2%2Fmedia&parent=2821"}],"wp:term":[{"taxonomy":"product_brand","embeddable":true,"href":"https:\/\/directionpeche.tn\/index.php?rest_route=%2Fwp%2Fv2%2Fproduct_brand&post=2821"},{"taxonomy":"product_cat","embeddable":true,"href":"https:\/\/directionpeche.tn\/index.php?rest_route=%2Fwp%2Fv2%2Fproduct_cat&post=2821"},{"taxonomy":"product_tag","embeddable":true,"href":"https:\/\/directionpeche.tn\/index.php?rest_route=%2Fwp%2Fv2%2Fproduct_tag&post=2821"}],"curies":[{"name":"wp","href":"https:\/\/api.w.org\/{rel}","templated":true}]}}