{"id":2827,"date":"2024-07-04T12:30:22","date_gmt":"2024-07-04T12:30:22","guid":{"rendered":"https:\/\/directionpeche.tn\/?post_type=product&#038;p=2827"},"modified":"2024-08-03T13:35:29","modified_gmt":"2024-08-03T13:35:29","slug":"canne-trabucco-pulse-energy-t-match-4-20m","status":"publish","type":"product","link":"https:\/\/directionpeche.tn\/?product=canne-trabucco-pulse-energy-t-match-4-20m","title":{"rendered":"CANNE TRABUCCO PULSE ENERGY T-MATCH 4.20M"},"content":{"rendered":"<h5>\u2022 Cannes Telematch parfaites pour une utilisation aussi bien en eau douce qu&rsquo;en mer<\/h5>\n<h5>\u00a0 \u00a0avec des flotteurs, des bombardes ou des feeders<\/h5>\n<h5>\u2022 Fabriqu\u00e9 en carbone CX-1 haute r\u00e9sistance<\/h5>\n<h5>\u2022 Anneaux S-SiC \u00e0 tige moyenne en carbone coll\u00e9s et coulissants plac\u00e9s sur les sections<\/h5>\n<h5>\u00a0 \u00a0interm\u00e9diaires<\/h5>\n<h5>\u2022 Porte-moulinet \u00e0 vis en graphite avec poign\u00e9es en acier inoxydable recouvertes de<\/h5>\n<h5>\u00a0 \u00a0caoutchouc pour une meilleure tenue du moulinet<\/h5>\n<h5>\u2022 Poign\u00e9e hybride en li\u00e8ge et EVA avec logo Trabucco grav\u00e9 au laser<\/h5>\n<h5>\u2022 Capuchon en aluminium avec pare-chocs arrondi en caoutchouc<\/h5>\n","protected":false},"excerpt":{"rendered":"<p>\u2022 Cannes Telematch parfaites pour une utilisation aussi bien en eau douce qu&rsquo;en mer \u00a0 \u00a0avec des flotteurs, des bombardes<\/p>\n","protected":false},"featured_media":2828,"comment_status":"open","ping_status":"closed","template":"","meta":[],"product_brand":[],"product_cat":[86,31],"product_tag":[],"class_list":{"0":"post-2827","1":"product","2":"type-product","3":"status-publish","4":"has-post-thumbnail","6":"product_cat-cannesanglaise","7":"product_cat-pecheauflotteur","9":"first","10":"instock","11":"taxable","12":"shipping-taxable","13":"purchasable","14":"product-type-simple"},"jetpack_sharing_enabled":true,"_links":{"self":[{"href":"https:\/\/directionpeche.tn\/index.php?rest_route=\/wp\/v2\/product\/2827","targetHints":{"allow":["GET"]}}],"collection":[{"href":"https:\/\/directionpeche.tn\/index.php?rest_route=\/wp\/v2\/product"}],"about":[{"href":"https:\/\/directionpeche.tn\/index.php?rest_route=\/wp\/v2\/types\/product"}],"replies":[{"embeddable":true,"href":"https:\/\/directionpeche.tn\/index.php?rest_route=%2Fwp%2Fv2%2Fcomments&post=2827"}],"version-history":[{"count":3,"href":"https:\/\/directionpeche.tn\/index.php?rest_route=\/wp\/v2\/product\/2827\/revisions"}],"predecessor-version":[{"id":2875,"href":"https:\/\/directionpeche.tn\/index.php?rest_route=\/wp\/v2\/product\/2827\/revisions\/2875"}],"wp:featuredmedia":[{"embeddable":true,"href":"https:\/\/directionpeche.tn\/index.php?rest_route=\/wp\/v2\/media\/2828"}],"wp:attachment":[{"href":"https:\/\/directionpeche.tn\/index.php?rest_route=%2Fwp%2Fv2%2Fmedia&parent=2827"}],"wp:term":[{"taxonomy":"product_brand","embeddable":true,"href":"https:\/\/directionpeche.tn\/index.php?rest_route=%2Fwp%2Fv2%2Fproduct_brand&post=2827"},{"taxonomy":"product_cat","embeddable":true,"href":"https:\/\/directionpeche.tn\/index.php?rest_route=%2Fwp%2Fv2%2Fproduct_cat&post=2827"},{"taxonomy":"product_tag","embeddable":true,"href":"https:\/\/directionpeche.tn\/index.php?rest_route=%2Fwp%2Fv2%2Fproduct_tag&post=2827"}],"curies":[{"name":"wp","href":"https:\/\/api.w.org\/{rel}","templated":true}]}}