{"id":2836,"date":"2024-12-25T11:21:27","date_gmt":"2024-12-25T11:21:27","guid":{"rendered":"https:\/\/directionpeche.tn\/?post_type=product&#038;p=2836"},"modified":"2024-12-25T11:25:11","modified_gmt":"2024-12-25T11:25:11","slug":"hamecon-sasame-wormor-f-875","status":"publish","type":"product","link":"https:\/\/directionpeche.tn\/?product=hamecon-sasame-wormor-f-875","title":{"rendered":"HAME\u00c7ON SASAME WORMOR"},"content":{"rendered":"<h5>Hame\u00e7on \u00e0 oeillet\u00a0tr\u00e8s fin de fer, noir \u00e0 hampe courte de la c\u00e9l\u00e8bre marque japonnaise SASAME.<\/h5>\n<h5>Son aff\u00fbtage chimique lui conf\u00e8re une p\u00e9n\u00e9tration irr\u00e9prochable lors du ferrage. C&rsquo;est l&rsquo;hame\u00e7on du moment qui est tr\u00e8s utilis\u00e9 par les comp\u00e9titeur en surfcasting.<\/h5>\n","protected":false},"excerpt":{"rendered":"<p>Hame\u00e7on \u00e0 oeillet\u00a0tr\u00e8s fin de fer, noir \u00e0 hampe courte de la c\u00e9l\u00e8bre marque japonnaise SASAME. Son aff\u00fbtage chimique lui<\/p>\n","protected":false},"featured_media":3071,"comment_status":"open","ping_status":"closed","template":"","meta":[],"product_brand":[],"product_cat":[32,81,258,31,22],"product_tag":[],"class_list":{"0":"post-2836","1":"product","2":"type-product","3":"status-publish","4":"has-post-thumbnail","6":"product_cat-bateau","7":"product_cat-hamecons-surfcasting","8":"product_cat-hamecons-pecheauflotteur","9":"product_cat-pecheauflotteur","10":"product_cat-surfcasting","12":"first","13":"instock","14":"taxable","15":"shipping-taxable","16":"purchasable","17":"product-type-variable"},"jetpack_sharing_enabled":true,"_links":{"self":[{"href":"https:\/\/directionpeche.tn\/index.php?rest_route=\/wp\/v2\/product\/2836","targetHints":{"allow":["GET"]}}],"collection":[{"href":"https:\/\/directionpeche.tn\/index.php?rest_route=\/wp\/v2\/product"}],"about":[{"href":"https:\/\/directionpeche.tn\/index.php?rest_route=\/wp\/v2\/types\/product"}],"replies":[{"embeddable":true,"href":"https:\/\/directionpeche.tn\/index.php?rest_route=%2Fwp%2Fv2%2Fcomments&post=2836"}],"version-history":[{"count":4,"href":"https:\/\/directionpeche.tn\/index.php?rest_route=\/wp\/v2\/product\/2836\/revisions"}],"predecessor-version":[{"id":3074,"href":"https:\/\/directionpeche.tn\/index.php?rest_route=\/wp\/v2\/product\/2836\/revisions\/3074"}],"wp:featuredmedia":[{"embeddable":true,"href":"https:\/\/directionpeche.tn\/index.php?rest_route=\/wp\/v2\/media\/3071"}],"wp:attachment":[{"href":"https:\/\/directionpeche.tn\/index.php?rest_route=%2Fwp%2Fv2%2Fmedia&parent=2836"}],"wp:term":[{"taxonomy":"product_brand","embeddable":true,"href":"https:\/\/directionpeche.tn\/index.php?rest_route=%2Fwp%2Fv2%2Fproduct_brand&post=2836"},{"taxonomy":"product_cat","embeddable":true,"href":"https:\/\/directionpeche.tn\/index.php?rest_route=%2Fwp%2Fv2%2Fproduct_cat&post=2836"},{"taxonomy":"product_tag","embeddable":true,"href":"https:\/\/directionpeche.tn\/index.php?rest_route=%2Fwp%2Fv2%2Fproduct_tag&post=2836"}],"curies":[{"name":"wp","href":"https:\/\/api.w.org\/{rel}","templated":true}]}}