{"id":2959,"date":"2024-11-27T13:58:13","date_gmt":"2024-11-27T13:58:13","guid":{"rendered":"https:\/\/directionpeche.tn\/?post_type=product&#038;p=2959"},"modified":"2024-11-27T14:35:47","modified_gmt":"2024-11-27T14:35:47","slug":"fil-trabucco-sinking-extra-soft-150m","status":"publish","type":"product","link":"https:\/\/directionpeche.tn\/?product=fil-trabucco-sinking-extra-soft-150m","title":{"rendered":"FIL TRABUCCO SINKING EXTRA SOFT 150M"},"content":{"rendered":"<h5 style=\"font-weight: 400\">Ce nylon a un coating en silicone, gr\u00e2ce auquel ce fil a une excellente glisse durant le lancer. Ceci donne des lancers \u00e0 pr\u00e9cision, m\u00eame \u00e0 grande distance. En outre, ce nylon a d&rsquo;excellentes<\/h5>\n<h5 style=\"font-weight: 400\">caract\u00e9ristiques coulantes et une absence totale de m\u00e9moire.<\/h5>\n<h5 style=\"font-weight: 400\">Nylon id\u00e9al pour la p\u00eache au feeder et au waggler. Nylon avec une couleur bleue fonc\u00e9e, quasi noire.<\/h5>\n<h5 style=\"font-weight: 400\">Bobine de 150m.<\/h5>\n","protected":false},"excerpt":{"rendered":"<p>Ce nylon a un coating en silicone, gr\u00e2ce auquel ce fil a une excellente glisse durant le lancer. Ceci donne<\/p>\n","protected":false},"featured_media":2966,"comment_status":"open","ping_status":"closed","template":"","meta":[],"product_brand":[],"product_cat":[164,314,31],"product_tag":[],"class_list":{"0":"post-2959","1":"product","2":"type-product","3":"status-publish","4":"has-post-thumbnail","6":"product_cat-fils-pecheauflotteur","7":"product_cat-mitraillette-sabiki","8":"product_cat-pecheauflotteur","10":"first","11":"instock","12":"taxable","13":"shipping-taxable","14":"purchasable","15":"product-type-variable"},"jetpack_sharing_enabled":true,"_links":{"self":[{"href":"https:\/\/directionpeche.tn\/index.php?rest_route=\/wp\/v2\/product\/2959","targetHints":{"allow":["GET"]}}],"collection":[{"href":"https:\/\/directionpeche.tn\/index.php?rest_route=\/wp\/v2\/product"}],"about":[{"href":"https:\/\/directionpeche.tn\/index.php?rest_route=\/wp\/v2\/types\/product"}],"replies":[{"embeddable":true,"href":"https:\/\/directionpeche.tn\/index.php?rest_route=%2Fwp%2Fv2%2Fcomments&post=2959"}],"version-history":[{"count":1,"href":"https:\/\/directionpeche.tn\/index.php?rest_route=\/wp\/v2\/product\/2959\/revisions"}],"predecessor-version":[{"id":2967,"href":"https:\/\/directionpeche.tn\/index.php?rest_route=\/wp\/v2\/product\/2959\/revisions\/2967"}],"wp:featuredmedia":[{"embeddable":true,"href":"https:\/\/directionpeche.tn\/index.php?rest_route=\/wp\/v2\/media\/2966"}],"wp:attachment":[{"href":"https:\/\/directionpeche.tn\/index.php?rest_route=%2Fwp%2Fv2%2Fmedia&parent=2959"}],"wp:term":[{"taxonomy":"product_brand","embeddable":true,"href":"https:\/\/directionpeche.tn\/index.php?rest_route=%2Fwp%2Fv2%2Fproduct_brand&post=2959"},{"taxonomy":"product_cat","embeddable":true,"href":"https:\/\/directionpeche.tn\/index.php?rest_route=%2Fwp%2Fv2%2Fproduct_cat&post=2959"},{"taxonomy":"product_tag","embeddable":true,"href":"https:\/\/directionpeche.tn\/index.php?rest_route=%2Fwp%2Fv2%2Fproduct_tag&post=2959"}],"curies":[{"name":"wp","href":"https:\/\/api.w.org\/{rel}","templated":true}]}}