{"id":2974,"date":"2024-12-03T13:51:16","date_gmt":"2024-12-03T13:51:16","guid":{"rendered":"https:\/\/directionpeche.tn\/?post_type=product&#038;p=2974"},"modified":"2025-06-26T11:47:33","modified_gmt":"2025-06-26T11:47:33","slug":"hamecon-trabucco-xps-210xb","status":"publish","type":"product","link":"https:\/\/directionpeche.tn\/?product=hamecon-trabucco-xps-210xb","title":{"rendered":"HAMECON TRABUCCO XPS 210XB 25PCS"},"content":{"rendered":"<p>Un hame\u00e7on flottant \u00e0 brin moyen, caract\u00e9ris\u00e9 par un coude tr\u00e8s large qui offre la possibilit\u00e9 d&rsquo;alterner diff\u00e9rents types d&rsquo;app\u00e2ts en p\u00eache de comp\u00e9tition.<\/p>\n<p>Un ver de terre d\u00e9clench\u00e9 par la t\u00eate peut \u00eatre associ\u00e9 \u00e0 un chum, qui le maintient en place et l&#8217;emp\u00eache de masquer sa pointe ; un grain de ma\u00efs peut \u00eatre altern\u00e9 avec un ours pour stimuler les grosses carpes ou les carpes ; une \u00e9paisse touffe de chum ou une m\u00e9duse de petits vers de terre peuvent offrir leur attraction bas\u00e9e sur le mouvement.<\/p>\n<p>Les vers de terre peuvent \u00eatre utilis\u00e9s pour stimuler les carpes.<\/p>\n<p>Un outil polyvalent qui peut s&rsquo;av\u00e9rer pr\u00e9cieux pour comprendre le potentiel d&rsquo;un peg avant de se lancer dans une strat\u00e9gie plus cibl\u00e9e.<\/p>\n<p>Finition bronz\u00e9e<\/p>\n","protected":false},"excerpt":{"rendered":"<p>Un hame\u00e7on flottant \u00e0 brin moyen, caract\u00e9ris\u00e9 par un coude tr\u00e8s large qui offre la possibilit\u00e9 d&rsquo;alterner diff\u00e9rents types d&rsquo;app\u00e2ts<\/p>\n","protected":false},"featured_media":2972,"comment_status":"open","ping_status":"closed","template":"","meta":[],"product_brand":[],"product_cat":[258,314,31],"product_tag":[],"class_list":{"0":"post-2974","1":"product","2":"type-product","3":"status-publish","4":"has-post-thumbnail","6":"product_cat-hamecons-pecheauflotteur","7":"product_cat-mitraillette-sabiki","8":"product_cat-pecheauflotteur","10":"first","11":"instock","12":"taxable","13":"shipping-taxable","14":"purchasable","15":"product-type-variable"},"jetpack_sharing_enabled":true,"_links":{"self":[{"href":"https:\/\/directionpeche.tn\/index.php?rest_route=\/wp\/v2\/product\/2974","targetHints":{"allow":["GET"]}}],"collection":[{"href":"https:\/\/directionpeche.tn\/index.php?rest_route=\/wp\/v2\/product"}],"about":[{"href":"https:\/\/directionpeche.tn\/index.php?rest_route=\/wp\/v2\/types\/product"}],"replies":[{"embeddable":true,"href":"https:\/\/directionpeche.tn\/index.php?rest_route=%2Fwp%2Fv2%2Fcomments&post=2974"}],"version-history":[{"count":2,"href":"https:\/\/directionpeche.tn\/index.php?rest_route=\/wp\/v2\/product\/2974\/revisions"}],"predecessor-version":[{"id":3448,"href":"https:\/\/directionpeche.tn\/index.php?rest_route=\/wp\/v2\/product\/2974\/revisions\/3448"}],"wp:featuredmedia":[{"embeddable":true,"href":"https:\/\/directionpeche.tn\/index.php?rest_route=\/wp\/v2\/media\/2972"}],"wp:attachment":[{"href":"https:\/\/directionpeche.tn\/index.php?rest_route=%2Fwp%2Fv2%2Fmedia&parent=2974"}],"wp:term":[{"taxonomy":"product_brand","embeddable":true,"href":"https:\/\/directionpeche.tn\/index.php?rest_route=%2Fwp%2Fv2%2Fproduct_brand&post=2974"},{"taxonomy":"product_cat","embeddable":true,"href":"https:\/\/directionpeche.tn\/index.php?rest_route=%2Fwp%2Fv2%2Fproduct_cat&post=2974"},{"taxonomy":"product_tag","embeddable":true,"href":"https:\/\/directionpeche.tn\/index.php?rest_route=%2Fwp%2Fv2%2Fproduct_tag&post=2974"}],"curies":[{"name":"wp","href":"https:\/\/api.w.org\/{rel}","templated":true}]}}