{"id":2990,"date":"2024-12-07T09:06:21","date_gmt":"2024-12-07T09:06:21","guid":{"rendered":"https:\/\/directionpeche.tn\/?post_type=product&#038;p=2990"},"modified":"2024-12-07T09:07:51","modified_gmt":"2024-12-07T09:07:51","slug":"emerillon-agrafe-trabucco-n14","status":"publish","type":"product","link":"https:\/\/directionpeche.tn\/?product=emerillon-agrafe-trabucco-n14","title":{"rendered":"EMERILLON AGRAFE TRABUCCO ROLLING HOOKED SNAP"},"content":{"rendered":"<h5>Gamme d&rsquo;accessoires pour la pr\u00e9paration des bas de ligne pour la p\u00eache en mer, en bateau ou en surfcasting.<\/h5>\n<h5>Chaque accessoire sp\u00e9cifique a \u00e9t\u00e9 con\u00e7u pour acc\u00e9l\u00e9rer et simplifier la r\u00e9alisation du montage.<\/h5>\n<h5>Dans la plupart des cas, les accessoires sont en acier, ils sont donc r\u00e9sistants \u00e0 l&rsquo;action des agents marins.<\/h5>\n","protected":false},"excerpt":{"rendered":"<p>Gamme d&rsquo;accessoires pour la pr\u00e9paration des bas de ligne pour la p\u00eache en mer, en bateau ou en surfcasting. Chaque<\/p>\n","protected":false},"featured_media":2991,"comment_status":"open","ping_status":"closed","template":"","meta":[],"product_brand":[],"product_cat":[77,85,90,32,31,22],"product_tag":[],"class_list":{"0":"post-2990","1":"product","2":"type-product","3":"status-publish","4":"has-post-thumbnail","6":"product_cat-accessoiresdivers","7":"product_cat-accessoiresdivers-surfcasting","8":"product_cat-accessoires-divers","9":"product_cat-bateau","10":"product_cat-pecheauflotteur","11":"product_cat-surfcasting","13":"first","14":"instock","15":"taxable","16":"shipping-taxable","17":"purchasable","18":"product-type-variable"},"jetpack_sharing_enabled":true,"_links":{"self":[{"href":"https:\/\/directionpeche.tn\/index.php?rest_route=\/wp\/v2\/product\/2990","targetHints":{"allow":["GET"]}}],"collection":[{"href":"https:\/\/directionpeche.tn\/index.php?rest_route=\/wp\/v2\/product"}],"about":[{"href":"https:\/\/directionpeche.tn\/index.php?rest_route=\/wp\/v2\/types\/product"}],"replies":[{"embeddable":true,"href":"https:\/\/directionpeche.tn\/index.php?rest_route=%2Fwp%2Fv2%2Fcomments&post=2990"}],"version-history":[{"count":2,"href":"https:\/\/directionpeche.tn\/index.php?rest_route=\/wp\/v2\/product\/2990\/revisions"}],"predecessor-version":[{"id":2997,"href":"https:\/\/directionpeche.tn\/index.php?rest_route=\/wp\/v2\/product\/2990\/revisions\/2997"}],"wp:featuredmedia":[{"embeddable":true,"href":"https:\/\/directionpeche.tn\/index.php?rest_route=\/wp\/v2\/media\/2991"}],"wp:attachment":[{"href":"https:\/\/directionpeche.tn\/index.php?rest_route=%2Fwp%2Fv2%2Fmedia&parent=2990"}],"wp:term":[{"taxonomy":"product_brand","embeddable":true,"href":"https:\/\/directionpeche.tn\/index.php?rest_route=%2Fwp%2Fv2%2Fproduct_brand&post=2990"},{"taxonomy":"product_cat","embeddable":true,"href":"https:\/\/directionpeche.tn\/index.php?rest_route=%2Fwp%2Fv2%2Fproduct_cat&post=2990"},{"taxonomy":"product_tag","embeddable":true,"href":"https:\/\/directionpeche.tn\/index.php?rest_route=%2Fwp%2Fv2%2Fproduct_tag&post=2990"}],"curies":[{"name":"wp","href":"https:\/\/api.w.org\/{rel}","templated":true}]}}