{"id":3003,"date":"2024-12-18T10:55:40","date_gmt":"2024-12-18T10:55:40","guid":{"rendered":"https:\/\/directionpeche.tn\/?post_type=product&#038;p=3003"},"modified":"2024-12-18T10:55:41","modified_gmt":"2024-12-18T10:55:41","slug":"moulinet-trabucco-precision-xs-5500","status":"publish","type":"product","link":"https:\/\/directionpeche.tn\/?product=moulinet-trabucco-precision-xs-5500","title":{"rendered":"MOULINET TRABUCCO PRECISION XS 5500"},"content":{"rendered":"<h5>\u2022 2 roulements Long Life System<\/h5>\n<h5>\u2022 1 roulement \u00e0 rouleaux unidirectionnel<\/h5>\n<h5>\u2022 Embrayage unidirectionnel infini anti-retour<\/h5>\n<h5>\u2022 Embrayage avant microm\u00e9trique \u00e0 disques surdimensionn\u00e9s<\/h5>\n<h5>\u2022 Bobine en aluminium ultra l\u00e9ger d\u00e9coup\u00e9e \u00e0 la machine CNC<\/h5>\n<h5>\u2022 Rouleau AS (Anti Twist System)<\/h5>\n<h5>\u2022 Manivelle Power Fight \u00e9quilibr\u00e9e avec bouton ergonomique<\/h5>\n<h5>\u2022 Bobine de rechange en graphite<\/h5>\n","protected":false},"excerpt":{"rendered":"<p>\u2022 2 roulements Long Life System \u2022 1 roulement \u00e0 rouleaux unidirectionnel \u2022 Embrayage unidirectionnel infini anti-retour \u2022 Embrayage avant<\/p>\n","protected":false},"featured_media":3004,"comment_status":"open","ping_status":"closed","template":"","meta":[],"product_brand":[],"product_cat":[72,79],"product_tag":[],"class_list":{"0":"post-3003","1":"product","2":"type-product","3":"status-publish","4":"has-post-thumbnail","6":"product_cat-moulinetsbateau","7":"product_cat-moulinetssurfcasting","9":"first","10":"instock","11":"taxable","12":"shipping-taxable","13":"purchasable","14":"product-type-simple"},"jetpack_sharing_enabled":true,"_links":{"self":[{"href":"https:\/\/directionpeche.tn\/index.php?rest_route=\/wp\/v2\/product\/3003","targetHints":{"allow":["GET"]}}],"collection":[{"href":"https:\/\/directionpeche.tn\/index.php?rest_route=\/wp\/v2\/product"}],"about":[{"href":"https:\/\/directionpeche.tn\/index.php?rest_route=\/wp\/v2\/types\/product"}],"replies":[{"embeddable":true,"href":"https:\/\/directionpeche.tn\/index.php?rest_route=%2Fwp%2Fv2%2Fcomments&post=3003"}],"version-history":[{"count":1,"href":"https:\/\/directionpeche.tn\/index.php?rest_route=\/wp\/v2\/product\/3003\/revisions"}],"predecessor-version":[{"id":3005,"href":"https:\/\/directionpeche.tn\/index.php?rest_route=\/wp\/v2\/product\/3003\/revisions\/3005"}],"wp:featuredmedia":[{"embeddable":true,"href":"https:\/\/directionpeche.tn\/index.php?rest_route=\/wp\/v2\/media\/3004"}],"wp:attachment":[{"href":"https:\/\/directionpeche.tn\/index.php?rest_route=%2Fwp%2Fv2%2Fmedia&parent=3003"}],"wp:term":[{"taxonomy":"product_brand","embeddable":true,"href":"https:\/\/directionpeche.tn\/index.php?rest_route=%2Fwp%2Fv2%2Fproduct_brand&post=3003"},{"taxonomy":"product_cat","embeddable":true,"href":"https:\/\/directionpeche.tn\/index.php?rest_route=%2Fwp%2Fv2%2Fproduct_cat&post=3003"},{"taxonomy":"product_tag","embeddable":true,"href":"https:\/\/directionpeche.tn\/index.php?rest_route=%2Fwp%2Fv2%2Fproduct_tag&post=3003"}],"curies":[{"name":"wp","href":"https:\/\/api.w.org\/{rel}","templated":true}]}}