{"id":3013,"date":"2024-12-24T08:41:05","date_gmt":"2024-12-24T08:41:05","guid":{"rendered":"https:\/\/directionpeche.tn\/?post_type=product&#038;p=3013"},"modified":"2024-12-24T08:41:05","modified_gmt":"2024-12-24T08:41:05","slug":"moulinet-trabucco-avalon-6500","status":"publish","type":"product","link":"https:\/\/directionpeche.tn\/?product=moulinet-trabucco-avalon-6500","title":{"rendered":"MOULINET TRABUCCO AVALON 6500"},"content":{"rendered":"<h5>Un moulinet au petit prix id\u00e9al pour qui veut commencer la technique Surf.<\/h5>\n<h5>La taille 6500 r\u00e9pond \u00e0 quasiment tous les exigences et permet au p\u00eacheur de comprendre rapidement le concepts cl\u00e9 de lancer et r\u00e9cup\u00e9ration.<\/h5>\n<h5>La m\u00e9canique en alliage marche sur un roulement unique \u00e0 billes et un \u00e0 rouleaux.<\/h5>\n<h5>Embobinage crois\u00e9. Corps en graphite et bobine super light pour un poids vraiment r\u00e9duit.<\/h5>\n<h5>Disponible en 2 couleurs (bleu et rouge)<\/h5>\n","protected":false},"excerpt":{"rendered":"<p>Un moulinet au petit prix id\u00e9al pour qui veut commencer la technique Surf. La taille 6500 r\u00e9pond \u00e0 quasiment tous<\/p>\n","protected":false},"featured_media":3017,"comment_status":"open","ping_status":"closed","template":"","meta":[],"product_brand":[],"product_cat":[32,72,79,22],"product_tag":[],"class_list":{"0":"post-3013","1":"product","2":"type-product","3":"status-publish","4":"has-post-thumbnail","6":"product_cat-bateau","7":"product_cat-moulinetsbateau","8":"product_cat-moulinetssurfcasting","9":"product_cat-surfcasting","11":"first","12":"instock","13":"taxable","14":"shipping-taxable","15":"purchasable","16":"product-type-variable"},"jetpack_sharing_enabled":true,"_links":{"self":[{"href":"https:\/\/directionpeche.tn\/index.php?rest_route=\/wp\/v2\/product\/3013","targetHints":{"allow":["GET"]}}],"collection":[{"href":"https:\/\/directionpeche.tn\/index.php?rest_route=\/wp\/v2\/product"}],"about":[{"href":"https:\/\/directionpeche.tn\/index.php?rest_route=\/wp\/v2\/types\/product"}],"replies":[{"embeddable":true,"href":"https:\/\/directionpeche.tn\/index.php?rest_route=%2Fwp%2Fv2%2Fcomments&post=3013"}],"version-history":[{"count":1,"href":"https:\/\/directionpeche.tn\/index.php?rest_route=\/wp\/v2\/product\/3013\/revisions"}],"predecessor-version":[{"id":3020,"href":"https:\/\/directionpeche.tn\/index.php?rest_route=\/wp\/v2\/product\/3013\/revisions\/3020"}],"wp:featuredmedia":[{"embeddable":true,"href":"https:\/\/directionpeche.tn\/index.php?rest_route=\/wp\/v2\/media\/3017"}],"wp:attachment":[{"href":"https:\/\/directionpeche.tn\/index.php?rest_route=%2Fwp%2Fv2%2Fmedia&parent=3013"}],"wp:term":[{"taxonomy":"product_brand","embeddable":true,"href":"https:\/\/directionpeche.tn\/index.php?rest_route=%2Fwp%2Fv2%2Fproduct_brand&post=3013"},{"taxonomy":"product_cat","embeddable":true,"href":"https:\/\/directionpeche.tn\/index.php?rest_route=%2Fwp%2Fv2%2Fproduct_cat&post=3013"},{"taxonomy":"product_tag","embeddable":true,"href":"https:\/\/directionpeche.tn\/index.php?rest_route=%2Fwp%2Fv2%2Fproduct_tag&post=3013"}],"curies":[{"name":"wp","href":"https:\/\/api.w.org\/{rel}","templated":true}]}}