{"id":3089,"date":"2024-12-26T09:24:33","date_gmt":"2024-12-26T09:24:33","guid":{"rendered":"https:\/\/directionpeche.tn\/?post_type=product&#038;p=3089"},"modified":"2024-12-26T09:24:34","modified_gmt":"2024-12-26T09:24:34","slug":"hamecon-sasame-baybay","status":"publish","type":"product","link":"https:\/\/directionpeche.tn\/?product=hamecon-sasame-baybay","title":{"rendered":"HAMECON SASAME BAYBAY"},"content":{"rendered":"<p>Hame\u00e7on en carbone couleur noir, robuste, id\u00e9al pour tout type de p\u00eache.<\/p>\n","protected":false},"excerpt":{"rendered":"<p>Hame\u00e7on en carbone couleur noir, robuste, id\u00e9al pour tout type de p\u00eache.<\/p>\n","protected":false},"featured_media":3097,"comment_status":"open","ping_status":"closed","template":"","meta":[],"product_brand":[],"product_cat":[32,75,81,22],"product_tag":[],"class_list":{"0":"post-3089","1":"product","2":"type-product","3":"status-publish","4":"has-post-thumbnail","6":"product_cat-bateau","7":"product_cat-hamecons","8":"product_cat-hamecons-surfcasting","9":"product_cat-surfcasting","11":"first","12":"instock","13":"taxable","14":"shipping-taxable","15":"purchasable","16":"product-type-variable"},"jetpack_sharing_enabled":true,"_links":{"self":[{"href":"https:\/\/directionpeche.tn\/index.php?rest_route=\/wp\/v2\/product\/3089","targetHints":{"allow":["GET"]}}],"collection":[{"href":"https:\/\/directionpeche.tn\/index.php?rest_route=\/wp\/v2\/product"}],"about":[{"href":"https:\/\/directionpeche.tn\/index.php?rest_route=\/wp\/v2\/types\/product"}],"replies":[{"embeddable":true,"href":"https:\/\/directionpeche.tn\/index.php?rest_route=%2Fwp%2Fv2%2Fcomments&post=3089"}],"version-history":[{"count":1,"href":"https:\/\/directionpeche.tn\/index.php?rest_route=\/wp\/v2\/product\/3089\/revisions"}],"predecessor-version":[{"id":3099,"href":"https:\/\/directionpeche.tn\/index.php?rest_route=\/wp\/v2\/product\/3089\/revisions\/3099"}],"wp:featuredmedia":[{"embeddable":true,"href":"https:\/\/directionpeche.tn\/index.php?rest_route=\/wp\/v2\/media\/3097"}],"wp:attachment":[{"href":"https:\/\/directionpeche.tn\/index.php?rest_route=%2Fwp%2Fv2%2Fmedia&parent=3089"}],"wp:term":[{"taxonomy":"product_brand","embeddable":true,"href":"https:\/\/directionpeche.tn\/index.php?rest_route=%2Fwp%2Fv2%2Fproduct_brand&post=3089"},{"taxonomy":"product_cat","embeddable":true,"href":"https:\/\/directionpeche.tn\/index.php?rest_route=%2Fwp%2Fv2%2Fproduct_cat&post=3089"},{"taxonomy":"product_tag","embeddable":true,"href":"https:\/\/directionpeche.tn\/index.php?rest_route=%2Fwp%2Fv2%2Fproduct_tag&post=3089"}],"curies":[{"name":"wp","href":"https:\/\/api.w.org\/{rel}","templated":true}]}}