{"id":3107,"date":"2025-01-13T10:03:15","date_gmt":"2025-01-13T10:03:15","guid":{"rendered":"https:\/\/directionpeche.tn\/?post_type=product&#038;p=3107"},"modified":"2025-03-29T11:53:30","modified_gmt":"2025-03-29T11:53:30","slug":"canne-trabucco-cassiopea-xct-4-20m-130gr","status":"publish","type":"product","link":"https:\/\/directionpeche.tn\/?product=canne-trabucco-cassiopea-xct-4-20m-130gr","title":{"rendered":"CANNE TRABUCCO CASSIOPEA XCT 4.20M 130GR"},"content":{"rendered":"<ul>\n<li>\n<h5>Blank en carbone \u00e0 45\u00b0 et 135\u00b0 pour \u00e9liminer les torsions (Twist Free)<\/h5>\n<\/li>\n<li>\n<h5>Un ruban adh\u00e9sif sp\u00e9cial est appliqu\u00e9 sur les joints pour faciliter la pr\u00e9hension lors du montage et du d\u00e9montage des sections.<\/h5>\n<\/li>\n<li>\n<h5>Scion tubulaire FH RIP con\u00e7u \u00e0 partir de la fusion de diff\u00e9rents mat\u00e9riaux pour obtenir un scion super sensible<\/h5>\n<\/li>\n<li>\n<h5>Rev\u00eatement ext\u00e9rieur Z\u00e9ro Friction Blank qui repousse l&rsquo;humidit\u00e9 et les gouttes d&rsquo;eau en \u00e9vitant l&rsquo;adh\u00e9rence de la ligne sur la canne<\/h5>\n<\/li>\n<li>\n<h5>La derni\u00e8re partie du scion est color\u00e9e avec de la peinture et \u00e9quip\u00e9 de ruban phosphorescent, tr\u00e8s visible<\/h5>\n<\/li>\n<li>\n<h5>Anneaux Fuji Alconite avec cadre en acier inoxydable bi-patte en K, ligatures doubles pour isoler les anneaux de la salinit\u00e9<\/h5>\n<\/li>\n<li>\n<h5>Porte-moulinet \u00e0 vis en graphite Fuji DPS avec joues en acier inoxydable<\/h5>\n<\/li>\n<li>\n<h5>Poign\u00e9e en mat\u00e9riau antid\u00e9rapant avec bouton en caoutchouc pour une bonne prise lors des lancers<\/h5>\n<\/li>\n<li>\n<h5>Longueur 4.20mt<\/h5>\n<\/li>\n<\/ul>\n","protected":false},"excerpt":{"rendered":"<p>Blank en carbone \u00e0 45\u00b0 et 135\u00b0 pour \u00e9liminer les torsions (Twist Free) Un ruban adh\u00e9sif sp\u00e9cial est appliqu\u00e9 sur<\/p>\n","protected":false},"featured_media":3111,"comment_status":"open","ping_status":"closed","template":"","meta":[],"product_brand":[],"product_cat":[78,22],"product_tag":[],"class_list":{"0":"post-3107","1":"product","2":"type-product","3":"status-publish","4":"has-post-thumbnail","6":"product_cat-cannessurfcasting","7":"product_cat-surfcasting","9":"first","10":"instock","11":"taxable","12":"shipping-taxable","13":"purchasable","14":"product-type-simple"},"jetpack_sharing_enabled":true,"_links":{"self":[{"href":"https:\/\/directionpeche.tn\/index.php?rest_route=\/wp\/v2\/product\/3107","targetHints":{"allow":["GET"]}}],"collection":[{"href":"https:\/\/directionpeche.tn\/index.php?rest_route=\/wp\/v2\/product"}],"about":[{"href":"https:\/\/directionpeche.tn\/index.php?rest_route=\/wp\/v2\/types\/product"}],"replies":[{"embeddable":true,"href":"https:\/\/directionpeche.tn\/index.php?rest_route=%2Fwp%2Fv2%2Fcomments&post=3107"}],"version-history":[{"count":1,"href":"https:\/\/directionpeche.tn\/index.php?rest_route=\/wp\/v2\/product\/3107\/revisions"}],"predecessor-version":[{"id":3113,"href":"https:\/\/directionpeche.tn\/index.php?rest_route=\/wp\/v2\/product\/3107\/revisions\/3113"}],"wp:featuredmedia":[{"embeddable":true,"href":"https:\/\/directionpeche.tn\/index.php?rest_route=\/wp\/v2\/media\/3111"}],"wp:attachment":[{"href":"https:\/\/directionpeche.tn\/index.php?rest_route=%2Fwp%2Fv2%2Fmedia&parent=3107"}],"wp:term":[{"taxonomy":"product_brand","embeddable":true,"href":"https:\/\/directionpeche.tn\/index.php?rest_route=%2Fwp%2Fv2%2Fproduct_brand&post=3107"},{"taxonomy":"product_cat","embeddable":true,"href":"https:\/\/directionpeche.tn\/index.php?rest_route=%2Fwp%2Fv2%2Fproduct_cat&post=3107"},{"taxonomy":"product_tag","embeddable":true,"href":"https:\/\/directionpeche.tn\/index.php?rest_route=%2Fwp%2Fv2%2Fproduct_tag&post=3107"}],"curies":[{"name":"wp","href":"https:\/\/api.w.org\/{rel}","templated":true}]}}