{"id":3121,"date":"2025-03-07T09:53:09","date_gmt":"2025-03-07T09:53:09","guid":{"rendered":"https:\/\/directionpeche.tn\/?post_type=product&#038;p=3121"},"modified":"2026-03-28T13:45:56","modified_gmt":"2026-03-28T13:45:56","slug":"arbalette-apnea-ghost","status":"publish","type":"product","link":"https:\/\/directionpeche.tn\/?product=arbalette-apnea-ghost","title":{"rendered":"ARBALETE APNEA GHOST"},"content":{"rendered":"<h5 class=\"xdj266r x11i5rnm xat24cr x1mh8g0r x1vvkbs x126k92a\">Arbalette Apnea Ghost t\u00eate ferm\u00e9eGhost est un fusil \u00e0 lance Il comporte un guide int\u00e9gral usin\u00e9 dans l&rsquo;aluminium sur toute la longueur du canon.<\/h5>\n<h5 dir=\"auto\">Cela rend le canon plus rigide et moins enclin \u00e0 fl\u00e9chir par rapport \u00e0 un canon sans rampe.<\/h5>\n<h5 dir=\"auto\">La lance est en acier inoxydable de 6,5 mm et est aliment\u00e9e par les \u00e9lastiques de 16 mm du pistolet.<\/h5>\n<h5 class=\"x11i5rnm xat24cr x1mh8g0r x1vvkbs xtlvy1s x126k92a\">Le pistolet est \u00e9quip\u00e9 d&rsquo;un interrupteur de s\u00e9curit\u00e9 sur la poign\u00e9e et un moulinet peut \u00eatre ajout\u00e9 en option<\/h5>\n","protected":false},"excerpt":{"rendered":"<p>Arbalette Apnea Ghost t\u00eate ferm\u00e9eGhost est un fusil \u00e0 lance Il comporte un guide int\u00e9gral usin\u00e9 dans l&rsquo;aluminium sur toute<\/p>\n","protected":false},"featured_media":3122,"comment_status":"open","ping_status":"closed","template":"","meta":[],"product_brand":[],"product_cat":[169,23],"product_tag":[],"class_list":{"0":"post-3121","1":"product","2":"type-product","3":"status-publish","4":"has-post-thumbnail","6":"product_cat-arbaletes","7":"product_cat-chassesousmarine","9":"first","10":"instock","11":"taxable","12":"shipping-taxable","13":"purchasable","14":"product-type-variable"},"jetpack_sharing_enabled":true,"_links":{"self":[{"href":"https:\/\/directionpeche.tn\/index.php?rest_route=\/wp\/v2\/product\/3121","targetHints":{"allow":["GET"]}}],"collection":[{"href":"https:\/\/directionpeche.tn\/index.php?rest_route=\/wp\/v2\/product"}],"about":[{"href":"https:\/\/directionpeche.tn\/index.php?rest_route=\/wp\/v2\/types\/product"}],"replies":[{"embeddable":true,"href":"https:\/\/directionpeche.tn\/index.php?rest_route=%2Fwp%2Fv2%2Fcomments&post=3121"}],"version-history":[{"count":4,"href":"https:\/\/directionpeche.tn\/index.php?rest_route=\/wp\/v2\/product\/3121\/revisions"}],"predecessor-version":[{"id":3170,"href":"https:\/\/directionpeche.tn\/index.php?rest_route=\/wp\/v2\/product\/3121\/revisions\/3170"}],"wp:featuredmedia":[{"embeddable":true,"href":"https:\/\/directionpeche.tn\/index.php?rest_route=\/wp\/v2\/media\/3122"}],"wp:attachment":[{"href":"https:\/\/directionpeche.tn\/index.php?rest_route=%2Fwp%2Fv2%2Fmedia&parent=3121"}],"wp:term":[{"taxonomy":"product_brand","embeddable":true,"href":"https:\/\/directionpeche.tn\/index.php?rest_route=%2Fwp%2Fv2%2Fproduct_brand&post=3121"},{"taxonomy":"product_cat","embeddable":true,"href":"https:\/\/directionpeche.tn\/index.php?rest_route=%2Fwp%2Fv2%2Fproduct_cat&post=3121"},{"taxonomy":"product_tag","embeddable":true,"href":"https:\/\/directionpeche.tn\/index.php?rest_route=%2Fwp%2Fv2%2Fproduct_tag&post=3121"}],"curies":[{"name":"wp","href":"https:\/\/api.w.org\/{rel}","templated":true}]}}