{"id":3128,"date":"2025-03-07T10:57:46","date_gmt":"2025-03-07T10:57:46","guid":{"rendered":"https:\/\/directionpeche.tn\/?post_type=product&#038;p=3128"},"modified":"2025-09-29T09:59:08","modified_gmt":"2025-09-29T09:59:08","slug":"arbalete-yilmaz","status":"publish","type":"product","link":"https:\/\/directionpeche.tn\/?product=arbalete-yilmaz","title":{"rendered":"ARBALETE YILMAZ"},"content":{"rendered":"<p>La poign\u00e9e est fabriqu\u00e9e en plastique de haute qualit\u00e9, stable et ergonomique.<\/p>\n<p>Utilisation facile et m\u00e9canisme solide.<\/p>\n<p>Wishbone \u00e0 ressort.<\/p>\n<p>Barillet en aluminium standard 25 x 1 mm.<\/p>\n<p>Tige galvanis\u00e9e de 7,00 mm.<\/p>\n<p>Le museau solide est fabriqu\u00e9 en plastique Nylon6.<\/p>\n<p>Tube en latex noir 14,00 mm<\/p>\n<p>Dimensions : 45 cm \u2013 60 cm \u2013 75 cm \u2013 90 cm<\/p>\n","protected":false},"excerpt":{"rendered":"<p>La poign\u00e9e est fabriqu\u00e9e en plastique de haute qualit\u00e9, stable et ergonomique. Utilisation facile et m\u00e9canisme solide. Wishbone \u00e0 ressort.<\/p>\n","protected":false},"featured_media":3129,"comment_status":"open","ping_status":"closed","template":"","meta":[],"product_brand":[],"product_cat":[169,23],"product_tag":[],"class_list":{"0":"post-3128","1":"product","2":"type-product","3":"status-publish","4":"has-post-thumbnail","6":"product_cat-arbaletes","7":"product_cat-chassesousmarine","9":"first","10":"outofstock","11":"taxable","12":"shipping-taxable","13":"purchasable","14":"product-type-variable"},"jetpack_sharing_enabled":true,"_links":{"self":[{"href":"https:\/\/directionpeche.tn\/index.php?rest_route=\/wp\/v2\/product\/3128","targetHints":{"allow":["GET"]}}],"collection":[{"href":"https:\/\/directionpeche.tn\/index.php?rest_route=\/wp\/v2\/product"}],"about":[{"href":"https:\/\/directionpeche.tn\/index.php?rest_route=\/wp\/v2\/types\/product"}],"replies":[{"embeddable":true,"href":"https:\/\/directionpeche.tn\/index.php?rest_route=%2Fwp%2Fv2%2Fcomments&post=3128"}],"version-history":[{"count":3,"href":"https:\/\/directionpeche.tn\/index.php?rest_route=\/wp\/v2\/product\/3128\/revisions"}],"predecessor-version":[{"id":3547,"href":"https:\/\/directionpeche.tn\/index.php?rest_route=\/wp\/v2\/product\/3128\/revisions\/3547"}],"wp:featuredmedia":[{"embeddable":true,"href":"https:\/\/directionpeche.tn\/index.php?rest_route=\/wp\/v2\/media\/3129"}],"wp:attachment":[{"href":"https:\/\/directionpeche.tn\/index.php?rest_route=%2Fwp%2Fv2%2Fmedia&parent=3128"}],"wp:term":[{"taxonomy":"product_brand","embeddable":true,"href":"https:\/\/directionpeche.tn\/index.php?rest_route=%2Fwp%2Fv2%2Fproduct_brand&post=3128"},{"taxonomy":"product_cat","embeddable":true,"href":"https:\/\/directionpeche.tn\/index.php?rest_route=%2Fwp%2Fv2%2Fproduct_cat&post=3128"},{"taxonomy":"product_tag","embeddable":true,"href":"https:\/\/directionpeche.tn\/index.php?rest_route=%2Fwp%2Fv2%2Fproduct_tag&post=3128"}],"curies":[{"name":"wp","href":"https:\/\/api.w.org\/{rel}","templated":true}]}}