{"id":3178,"date":"2025-03-10T15:06:50","date_gmt":"2025-03-10T15:06:50","guid":{"rendered":"https:\/\/directionpeche.tn\/?post_type=product&#038;p=3178"},"modified":"2025-03-11T10:06:53","modified_gmt":"2025-03-11T10:06:53","slug":"poignard-labrax-thor","status":"publish","type":"product","link":"https:\/\/directionpeche.tn\/?product=poignard-labrax-thor","title":{"rendered":"POIGNARD LABRAX THOR"},"content":{"rendered":"<h4 id=\"tw-target-text\" class=\"tw-data-text tw-text-large tw-ta\" dir=\"ltr\" data-placeholder=\"Traduction\" data-ved=\"2ahUKEwiRqv-u5P-LAxUr_7sIHW3rFEMQ3ewLegQICRAV\" aria-label=\"Texte traduit\u00a0: Mat\u00e9riau inoxydable (acier inoxydable) Mat\u00e9riau dur (acier dur)420 Steal (couteau en acier 420 9 Cm (taille de la lame) Total 20 cm (taille totale) 2 options de couleurs disponibles\u00a0: noir et blanc Trou de correction de brochette compatible jusqu'\u00e0 8 mm d'\u00e9paisseur de brochette disponible La lame est constitu\u00e9e de 2 pi\u00e8ces de m\u00e9tal sp\u00e9cialement d\u00e9coup\u00e9es. Il y a un porte-brochette \u00e0 l'arri\u00e8re qui est compatible avec une \u00e9paisseur de brochette jusqu'\u00e0 8 mm. En tant que couteau, il poss\u00e8de une pi\u00e8ce dentel\u00e9e en plastique extra solide de premi\u00e8re qualit\u00e9 qui s'ins\u00e8re dans la paume de la main pour une prise confortable. Le bo\u00eetier ext\u00e9rieur est constitu\u00e9 d'une pi\u00e8ce en plastique dur de premi\u00e8re qualit\u00e9 et repose sur une seule pi\u00e8ce incurv\u00e9e. Des vis en acier inoxydable maintiennent les pi\u00e8ces suppl\u00e9mentaires en plastique et en m\u00e9tal pour plus de durabilit\u00e9. Il existe un syst\u00e8me de couverture confortable pour une insertion et un retrait faciles, et une couverture qui offre commodit\u00e9 et confort avec un syst\u00e8me de verrouillage qui ne tombera pas facilement m\u00eame dans les conditions les plus difficiles. La gaine du couteau a des trous de fixation de ceinture. La face de la lame a un tranchant double face, un c\u00f4t\u00e9 a un couteau plat et l'autre c\u00f4t\u00e9 a une dentelure superficielle pour les pi\u00e8ces difficiles \u00e0 couper sous l'eau, telles que les cordes et les lignes de p\u00eache. La pointe a une fonction per\u00e7ante. La pointe a une surface tr\u00e8s pointue.\"><span class=\"Y2IQFc\" lang=\"fr\">Mat\u00e9riau inoxydable (acier inoxydable) <\/span><\/h4>\n<h4 class=\"tw-data-text tw-text-large tw-ta\" dir=\"ltr\" data-placeholder=\"Traduction\" data-ved=\"2ahUKEwiRqv-u5P-LAxUr_7sIHW3rFEMQ3ewLegQICRAV\" aria-label=\"Texte traduit\u00a0: Mat\u00e9riau inoxydable (acier inoxydable) Mat\u00e9riau dur (acier dur)420 Steal (couteau en acier 420 9 Cm (taille de la lame) Total 20 cm (taille totale) 2 options de couleurs disponibles\u00a0: noir et blanc Trou de correction de brochette compatible jusqu'\u00e0 8 mm d'\u00e9paisseur de brochette disponible La lame est constitu\u00e9e de 2 pi\u00e8ces de m\u00e9tal sp\u00e9cialement d\u00e9coup\u00e9es. Il y a un porte-brochette \u00e0 l'arri\u00e8re qui est compatible avec une \u00e9paisseur de brochette jusqu'\u00e0 8 mm. En tant que couteau, il poss\u00e8de une pi\u00e8ce dentel\u00e9e en plastique extra solide de premi\u00e8re qualit\u00e9 qui s'ins\u00e8re dans la paume de la main pour une prise confortable. Le bo\u00eetier ext\u00e9rieur est constitu\u00e9 d'une pi\u00e8ce en plastique dur de premi\u00e8re qualit\u00e9 et repose sur une seule pi\u00e8ce incurv\u00e9e. Des vis en acier inoxydable maintiennent les pi\u00e8ces suppl\u00e9mentaires en plastique et en m\u00e9tal pour plus de durabilit\u00e9. Il existe un syst\u00e8me de couverture confortable pour une insertion et un retrait faciles, et une couverture qui offre commodit\u00e9 et confort avec un syst\u00e8me de verrouillage qui ne tombera pas facilement m\u00eame dans les conditions les plus difficiles. La gaine du couteau a des trous de fixation de ceinture. La face de la lame a un tranchant double face, un c\u00f4t\u00e9 a un couteau plat et l'autre c\u00f4t\u00e9 a une dentelure superficielle pour les pi\u00e8ces difficiles \u00e0 couper sous l'eau, telles que les cordes et les lignes de p\u00eache. La pointe a une fonction per\u00e7ante. La pointe a une surface tr\u00e8s pointue.\"><span class=\"Y2IQFc\" lang=\"fr\">Mat\u00e9riau dur (acier dur) 420 Steal couteau en acier 420 <\/span><\/h4>\n<h4 class=\"tw-data-text tw-text-large tw-ta\" dir=\"ltr\" data-placeholder=\"Traduction\" data-ved=\"2ahUKEwiRqv-u5P-LAxUr_7sIHW3rFEMQ3ewLegQICRAV\" aria-label=\"Texte traduit\u00a0: Mat\u00e9riau inoxydable (acier inoxydable) Mat\u00e9riau dur (acier dur)420 Steal (couteau en acier 420 9 Cm (taille de la lame) Total 20 cm (taille totale) 2 options de couleurs disponibles\u00a0: noir et blanc Trou de correction de brochette compatible jusqu'\u00e0 8 mm d'\u00e9paisseur de brochette disponible La lame est constitu\u00e9e de 2 pi\u00e8ces de m\u00e9tal sp\u00e9cialement d\u00e9coup\u00e9es. Il y a un porte-brochette \u00e0 l'arri\u00e8re qui est compatible avec une \u00e9paisseur de brochette jusqu'\u00e0 8 mm. En tant que couteau, il poss\u00e8de une pi\u00e8ce dentel\u00e9e en plastique extra solide de premi\u00e8re qualit\u00e9 qui s'ins\u00e8re dans la paume de la main pour une prise confortable. Le bo\u00eetier ext\u00e9rieur est constitu\u00e9 d'une pi\u00e8ce en plastique dur de premi\u00e8re qualit\u00e9 et repose sur une seule pi\u00e8ce incurv\u00e9e. Des vis en acier inoxydable maintiennent les pi\u00e8ces suppl\u00e9mentaires en plastique et en m\u00e9tal pour plus de durabilit\u00e9. Il existe un syst\u00e8me de couverture confortable pour une insertion et un retrait faciles, et une couverture qui offre commodit\u00e9 et confort avec un syst\u00e8me de verrouillage qui ne tombera pas facilement m\u00eame dans les conditions les plus difficiles. La gaine du couteau a des trous de fixation de ceinture. La face de la lame a un tranchant double face, un c\u00f4t\u00e9 a un couteau plat et l'autre c\u00f4t\u00e9 a une dentelure superficielle pour les pi\u00e8ces difficiles \u00e0 couper sous l'eau, telles que les cordes et les lignes de p\u00eache. La pointe a une fonction per\u00e7ante. La pointe a une surface tr\u00e8s pointue.\"><span class=\"Y2IQFc\" lang=\"fr\"> 9 Cm (taille de la lame)<br \/>\n<\/span><\/h4>\n<h4 class=\"tw-data-text tw-text-large tw-ta\" dir=\"ltr\" data-placeholder=\"Traduction\" data-ved=\"2ahUKEwiRqv-u5P-LAxUr_7sIHW3rFEMQ3ewLegQICRAV\" aria-label=\"Texte traduit\u00a0: Mat\u00e9riau inoxydable (acier inoxydable) Mat\u00e9riau dur (acier dur)420 Steal (couteau en acier 420 9 Cm (taille de la lame) Total 20 cm (taille totale) 2 options de couleurs disponibles\u00a0: noir et blanc Trou de correction de brochette compatible jusqu'\u00e0 8 mm d'\u00e9paisseur de brochette disponible La lame est constitu\u00e9e de 2 pi\u00e8ces de m\u00e9tal sp\u00e9cialement d\u00e9coup\u00e9es. Il y a un porte-brochette \u00e0 l'arri\u00e8re qui est compatible avec une \u00e9paisseur de brochette jusqu'\u00e0 8 mm. En tant que couteau, il poss\u00e8de une pi\u00e8ce dentel\u00e9e en plastique extra solide de premi\u00e8re qualit\u00e9 qui s'ins\u00e8re dans la paume de la main pour une prise confortable. Le bo\u00eetier ext\u00e9rieur est constitu\u00e9 d'une pi\u00e8ce en plastique dur de premi\u00e8re qualit\u00e9 et repose sur une seule pi\u00e8ce incurv\u00e9e. Des vis en acier inoxydable maintiennent les pi\u00e8ces suppl\u00e9mentaires en plastique et en m\u00e9tal pour plus de durabilit\u00e9. Il existe un syst\u00e8me de couverture confortable pour une insertion et un retrait faciles, et une couverture qui offre commodit\u00e9 et confort avec un syst\u00e8me de verrouillage qui ne tombera pas facilement m\u00eame dans les conditions les plus difficiles. La gaine du couteau a des trous de fixation de ceinture. La face de la lame a un tranchant double face, un c\u00f4t\u00e9 a un couteau plat et l'autre c\u00f4t\u00e9 a une dentelure superficielle pour les pi\u00e8ces difficiles \u00e0 couper sous l'eau, telles que les cordes et les lignes de p\u00eache. La pointe a une fonction per\u00e7ante. La pointe a une surface tr\u00e8s pointue.\"><span class=\"Y2IQFc\" lang=\"fr\">Total 20 cm (taille totale)<br \/>\n<\/span><\/h4>\n<h4 class=\"tw-data-text tw-text-large tw-ta\" dir=\"ltr\" data-placeholder=\"Traduction\" data-ved=\"2ahUKEwiRqv-u5P-LAxUr_7sIHW3rFEMQ3ewLegQICRAV\" aria-label=\"Texte traduit\u00a0: Mat\u00e9riau inoxydable (acier inoxydable) Mat\u00e9riau dur (acier dur)420 Steal (couteau en acier 420 9 Cm (taille de la lame) Total 20 cm (taille totale) 2 options de couleurs disponibles\u00a0: noir et blanc Trou de correction de brochette compatible jusqu'\u00e0 8 mm d'\u00e9paisseur de brochette disponible La lame est constitu\u00e9e de 2 pi\u00e8ces de m\u00e9tal sp\u00e9cialement d\u00e9coup\u00e9es. Il y a un porte-brochette \u00e0 l'arri\u00e8re qui est compatible avec une \u00e9paisseur de brochette jusqu'\u00e0 8 mm. En tant que couteau, il poss\u00e8de une pi\u00e8ce dentel\u00e9e en plastique extra solide de premi\u00e8re qualit\u00e9 qui s'ins\u00e8re dans la paume de la main pour une prise confortable. Le bo\u00eetier ext\u00e9rieur est constitu\u00e9 d'une pi\u00e8ce en plastique dur de premi\u00e8re qualit\u00e9 et repose sur une seule pi\u00e8ce incurv\u00e9e. Des vis en acier inoxydable maintiennent les pi\u00e8ces suppl\u00e9mentaires en plastique et en m\u00e9tal pour plus de durabilit\u00e9. Il existe un syst\u00e8me de couverture confortable pour une insertion et un retrait faciles, et une couverture qui offre commodit\u00e9 et confort avec un syst\u00e8me de verrouillage qui ne tombera pas facilement m\u00eame dans les conditions les plus difficiles. La gaine du couteau a des trous de fixation de ceinture. La face de la lame a un tranchant double face, un c\u00f4t\u00e9 a un couteau plat et l'autre c\u00f4t\u00e9 a une dentelure superficielle pour les pi\u00e8ces difficiles \u00e0 couper sous l'eau, telles que les cordes et les lignes de p\u00eache. La pointe a une fonction per\u00e7ante. La pointe a une surface tr\u00e8s pointue.\"><span class=\"Y2IQFc\" lang=\"fr\">2 options de couleurs disponibles : noir et blanc<\/span><\/h4>\n","protected":false},"excerpt":{"rendered":"<p>Mat\u00e9riau inoxydable (acier inoxydable) Mat\u00e9riau dur (acier dur) 420 Steal couteau en acier 420 9 Cm (taille de la lame)<\/p>\n","protected":false},"featured_media":3180,"comment_status":"open","ping_status":"closed","template":"","meta":[],"product_brand":[],"product_cat":[172,23],"product_tag":[],"class_list":{"0":"post-3178","1":"product","2":"type-product","3":"status-publish","4":"has-post-thumbnail","6":"product_cat-accessoiresdivers-chassesousmarine","7":"product_cat-chassesousmarine","9":"first","10":"instock","11":"taxable","12":"shipping-taxable","13":"purchasable","14":"product-type-variable"},"jetpack_sharing_enabled":true,"_links":{"self":[{"href":"https:\/\/directionpeche.tn\/index.php?rest_route=\/wp\/v2\/product\/3178","targetHints":{"allow":["GET"]}}],"collection":[{"href":"https:\/\/directionpeche.tn\/index.php?rest_route=\/wp\/v2\/product"}],"about":[{"href":"https:\/\/directionpeche.tn\/index.php?rest_route=\/wp\/v2\/types\/product"}],"replies":[{"embeddable":true,"href":"https:\/\/directionpeche.tn\/index.php?rest_route=%2Fwp%2Fv2%2Fcomments&post=3178"}],"version-history":[{"count":3,"href":"https:\/\/directionpeche.tn\/index.php?rest_route=\/wp\/v2\/product\/3178\/revisions"}],"predecessor-version":[{"id":3194,"href":"https:\/\/directionpeche.tn\/index.php?rest_route=\/wp\/v2\/product\/3178\/revisions\/3194"}],"wp:featuredmedia":[{"embeddable":true,"href":"https:\/\/directionpeche.tn\/index.php?rest_route=\/wp\/v2\/media\/3180"}],"wp:attachment":[{"href":"https:\/\/directionpeche.tn\/index.php?rest_route=%2Fwp%2Fv2%2Fmedia&parent=3178"}],"wp:term":[{"taxonomy":"product_brand","embeddable":true,"href":"https:\/\/directionpeche.tn\/index.php?rest_route=%2Fwp%2Fv2%2Fproduct_brand&post=3178"},{"taxonomy":"product_cat","embeddable":true,"href":"https:\/\/directionpeche.tn\/index.php?rest_route=%2Fwp%2Fv2%2Fproduct_cat&post=3178"},{"taxonomy":"product_tag","embeddable":true,"href":"https:\/\/directionpeche.tn\/index.php?rest_route=%2Fwp%2Fv2%2Fproduct_tag&post=3178"}],"curies":[{"name":"wp","href":"https:\/\/api.w.org\/{rel}","templated":true}]}}