{"id":3253,"date":"2025-03-14T11:40:11","date_gmt":"2025-03-14T11:40:11","guid":{"rendered":"https:\/\/directionpeche.tn\/?post_type=product&#038;p=3253"},"modified":"2025-12-03T10:47:20","modified_gmt":"2025-12-03T10:47:20","slug":"masque-cressi-perla","status":"publish","type":"product","link":"https:\/\/directionpeche.tn\/?product=masque-cressi-perla","title":{"rendered":"MASQUE CRESSI PERLA"},"content":{"rendered":"<p>Particuli\u00e8rement adapt\u00e9 pour la plong\u00e9e libre et la plong\u00e9e en apn\u00e9e<\/p>\n<p>Appropri\u00e9 pour une utilisation en plong\u00e9e sous-marine<\/p>\n<p>Deux lentilles en verre tremp\u00e9<\/p>\n<p>100% jupe en caoutchouc de silicone de haute qualit\u00e9<\/p>\n<p>Jupe \u00e0 double plume pour un excellent sceau sur le visage.<\/p>\n<p>Le masque s&rsquo;adapte aux visages de la plupart des gens<\/p>\n<p>Conception de masque \u00e0 faible volume<\/p>\n<p>Masque facile \u00e0 nettoyer<\/p>\n<p>Large champ de vision<\/p>\n<p>Large sangle fendue offrant une pression uniforme pour une excellente \u00e9tanch\u00e9it\u00e9.<\/p>\n<p>Boucles \u00e0 action rapide solides, ajustez la sangle rapidement et facilement<\/p>\n<p>Poche nasale \u00e0 une main facile \u00e0 atteindre pour l&rsquo;\u00e9galisation des oreilles<\/p>\n","protected":false},"excerpt":{"rendered":"<p>Particuli\u00e8rement adapt\u00e9 pour la plong\u00e9e libre et la plong\u00e9e en apn\u00e9e Appropri\u00e9 pour une utilisation en plong\u00e9e sous-marine Deux lentilles<\/p>\n","protected":false},"featured_media":3254,"comment_status":"open","ping_status":"closed","template":"","meta":[],"product_brand":[],"product_cat":[23,168],"product_tag":[],"class_list":{"0":"post-3253","1":"product","2":"type-product","3":"status-publish","4":"has-post-thumbnail","6":"product_cat-chassesousmarine","7":"product_cat-masquestubas","9":"first","10":"instock","11":"taxable","12":"shipping-taxable","13":"purchasable","14":"product-type-variable"},"jetpack_sharing_enabled":true,"_links":{"self":[{"href":"https:\/\/directionpeche.tn\/index.php?rest_route=\/wp\/v2\/product\/3253","targetHints":{"allow":["GET"]}}],"collection":[{"href":"https:\/\/directionpeche.tn\/index.php?rest_route=\/wp\/v2\/product"}],"about":[{"href":"https:\/\/directionpeche.tn\/index.php?rest_route=\/wp\/v2\/types\/product"}],"replies":[{"embeddable":true,"href":"https:\/\/directionpeche.tn\/index.php?rest_route=%2Fwp%2Fv2%2Fcomments&post=3253"}],"version-history":[{"count":1,"href":"https:\/\/directionpeche.tn\/index.php?rest_route=\/wp\/v2\/product\/3253\/revisions"}],"predecessor-version":[{"id":3255,"href":"https:\/\/directionpeche.tn\/index.php?rest_route=\/wp\/v2\/product\/3253\/revisions\/3255"}],"wp:featuredmedia":[{"embeddable":true,"href":"https:\/\/directionpeche.tn\/index.php?rest_route=\/wp\/v2\/media\/3254"}],"wp:attachment":[{"href":"https:\/\/directionpeche.tn\/index.php?rest_route=%2Fwp%2Fv2%2Fmedia&parent=3253"}],"wp:term":[{"taxonomy":"product_brand","embeddable":true,"href":"https:\/\/directionpeche.tn\/index.php?rest_route=%2Fwp%2Fv2%2Fproduct_brand&post=3253"},{"taxonomy":"product_cat","embeddable":true,"href":"https:\/\/directionpeche.tn\/index.php?rest_route=%2Fwp%2Fv2%2Fproduct_cat&post=3253"},{"taxonomy":"product_tag","embeddable":true,"href":"https:\/\/directionpeche.tn\/index.php?rest_route=%2Fwp%2Fv2%2Fproduct_tag&post=3253"}],"curies":[{"name":"wp","href":"https:\/\/api.w.org\/{rel}","templated":true}]}}