{"id":3272,"date":"2025-03-20T13:40:59","date_gmt":"2025-03-20T13:40:59","guid":{"rendered":"https:\/\/directionpeche.tn\/?post_type=product&#038;p=3272"},"modified":"2025-03-20T13:40:59","modified_gmt":"2025-03-20T13:40:59","slug":"palme-cressi-clio","status":"publish","type":"product","link":"https:\/\/directionpeche.tn\/?product=palme-cressi-clio","title":{"rendered":"PALME CRESSI CLIO"},"content":{"rendered":"<h5>Simple d&rsquo;utilisation et tr\u00e8s durable, la palme de randonn\u00e9e clio est la pr\u00e9f\u00e9r\u00e9e de tous ceux qui surveillent leur porte-monnaie. Elle associe une voilure r\u00e9active et un chausson souple, facile \u00e0 enfiler \u2013 et elle est parfaite pour tous les \u00e2ges. L&rsquo;excellent rapport qualit\u00e9\/prix de la clio en fait aussi un choix parfait pour les \u00e9coles de plong\u00e9e et la location<\/h5>\n","protected":false},"excerpt":{"rendered":"<p>Simple d&rsquo;utilisation et tr\u00e8s durable, la palme de randonn\u00e9e clio est la pr\u00e9f\u00e9r\u00e9e de tous ceux qui surveillent leur porte-monnaie.<\/p>\n","protected":false},"featured_media":3274,"comment_status":"open","ping_status":"closed","template":"","meta":[],"product_brand":[],"product_cat":[23,170],"product_tag":[],"class_list":{"0":"post-3272","1":"product","2":"type-product","3":"status-publish","4":"has-post-thumbnail","6":"product_cat-chassesousmarine","7":"product_cat-palmes","9":"first","10":"instock","11":"taxable","12":"shipping-taxable","13":"purchasable","14":"product-type-simple"},"jetpack_sharing_enabled":true,"_links":{"self":[{"href":"https:\/\/directionpeche.tn\/index.php?rest_route=\/wp\/v2\/product\/3272","targetHints":{"allow":["GET"]}}],"collection":[{"href":"https:\/\/directionpeche.tn\/index.php?rest_route=\/wp\/v2\/product"}],"about":[{"href":"https:\/\/directionpeche.tn\/index.php?rest_route=\/wp\/v2\/types\/product"}],"replies":[{"embeddable":true,"href":"https:\/\/directionpeche.tn\/index.php?rest_route=%2Fwp%2Fv2%2Fcomments&post=3272"}],"version-history":[{"count":1,"href":"https:\/\/directionpeche.tn\/index.php?rest_route=\/wp\/v2\/product\/3272\/revisions"}],"predecessor-version":[{"id":3275,"href":"https:\/\/directionpeche.tn\/index.php?rest_route=\/wp\/v2\/product\/3272\/revisions\/3275"}],"wp:featuredmedia":[{"embeddable":true,"href":"https:\/\/directionpeche.tn\/index.php?rest_route=\/wp\/v2\/media\/3274"}],"wp:attachment":[{"href":"https:\/\/directionpeche.tn\/index.php?rest_route=%2Fwp%2Fv2%2Fmedia&parent=3272"}],"wp:term":[{"taxonomy":"product_brand","embeddable":true,"href":"https:\/\/directionpeche.tn\/index.php?rest_route=%2Fwp%2Fv2%2Fproduct_brand&post=3272"},{"taxonomy":"product_cat","embeddable":true,"href":"https:\/\/directionpeche.tn\/index.php?rest_route=%2Fwp%2Fv2%2Fproduct_cat&post=3272"},{"taxonomy":"product_tag","embeddable":true,"href":"https:\/\/directionpeche.tn\/index.php?rest_route=%2Fwp%2Fv2%2Fproduct_tag&post=3272"}],"curies":[{"name":"wp","href":"https:\/\/api.w.org\/{rel}","templated":true}]}}