{"id":3322,"date":"2025-03-22T10:10:34","date_gmt":"2025-03-22T10:10:34","guid":{"rendered":"https:\/\/directionpeche.tn\/?post_type=product&#038;p=3322"},"modified":"2025-03-22T10:10:35","modified_gmt":"2025-03-22T10:10:35","slug":"trident-cressi-3-dents","status":"publish","type":"product","link":"https:\/\/directionpeche.tn\/?product=trident-cressi-3-dents","title":{"rendered":"TRIDENT CRESSI 3 DENTS"},"content":{"rendered":"<p>T\u00eate de fl\u00e8che \u00e0 visser pour arbal\u00e8te &amp; fusil de chasse sous-marine<\/p>\n<p>Trident corps en Nylon, 3 pointes en acier tremp\u00e9<\/p>\n<p>Se monte sur les fl\u00e8ches Diam\u00e8tre 7mm<\/p>\n","protected":false},"excerpt":{"rendered":"<p>T\u00eate de fl\u00e8che \u00e0 visser pour arbal\u00e8te &amp; fusil de chasse sous-marine Trident corps en Nylon, 3 pointes en acier<\/p>\n","protected":false},"featured_media":3323,"comment_status":"open","ping_status":"closed","template":"","meta":[],"product_brand":[],"product_cat":[172,23],"product_tag":[],"class_list":{"0":"post-3322","1":"product","2":"type-product","3":"status-publish","4":"has-post-thumbnail","6":"product_cat-accessoiresdivers-chassesousmarine","7":"product_cat-chassesousmarine","9":"first","10":"instock","11":"taxable","12":"shipping-taxable","13":"purchasable","14":"product-type-simple"},"jetpack_sharing_enabled":true,"_links":{"self":[{"href":"https:\/\/directionpeche.tn\/index.php?rest_route=\/wp\/v2\/product\/3322","targetHints":{"allow":["GET"]}}],"collection":[{"href":"https:\/\/directionpeche.tn\/index.php?rest_route=\/wp\/v2\/product"}],"about":[{"href":"https:\/\/directionpeche.tn\/index.php?rest_route=\/wp\/v2\/types\/product"}],"replies":[{"embeddable":true,"href":"https:\/\/directionpeche.tn\/index.php?rest_route=%2Fwp%2Fv2%2Fcomments&post=3322"}],"version-history":[{"count":1,"href":"https:\/\/directionpeche.tn\/index.php?rest_route=\/wp\/v2\/product\/3322\/revisions"}],"predecessor-version":[{"id":3324,"href":"https:\/\/directionpeche.tn\/index.php?rest_route=\/wp\/v2\/product\/3322\/revisions\/3324"}],"wp:featuredmedia":[{"embeddable":true,"href":"https:\/\/directionpeche.tn\/index.php?rest_route=\/wp\/v2\/media\/3323"}],"wp:attachment":[{"href":"https:\/\/directionpeche.tn\/index.php?rest_route=%2Fwp%2Fv2%2Fmedia&parent=3322"}],"wp:term":[{"taxonomy":"product_brand","embeddable":true,"href":"https:\/\/directionpeche.tn\/index.php?rest_route=%2Fwp%2Fv2%2Fproduct_brand&post=3322"},{"taxonomy":"product_cat","embeddable":true,"href":"https:\/\/directionpeche.tn\/index.php?rest_route=%2Fwp%2Fv2%2Fproduct_cat&post=3322"},{"taxonomy":"product_tag","embeddable":true,"href":"https:\/\/directionpeche.tn\/index.php?rest_route=%2Fwp%2Fv2%2Fproduct_tag&post=3322"}],"curies":[{"name":"wp","href":"https:\/\/api.w.org\/{rel}","templated":true}]}}