{"id":3415,"date":"2025-06-19T11:44:36","date_gmt":"2025-06-19T11:44:36","guid":{"rendered":"https:\/\/directionpeche.tn\/?post_type=product&#038;p=3415"},"modified":"2025-06-19T11:44:36","modified_gmt":"2025-06-19T11:44:36","slug":"canne-trabucco-searider-bolentino","status":"publish","type":"product","link":"https:\/\/directionpeche.tn\/?product=canne-trabucco-searider-bolentino","title":{"rendered":"CANNE TRABUCCO SEARIDER BOLENTINO"},"content":{"rendered":"<h5>\u2022 Pointe fendue avec pointe en E-Glass extr\u00eamement robuste,<\/h5>\n<h5>en phase de traction, dot\u00e9 d&rsquo;une grande sensibilit\u00e9<\/h5>\n<h5>\u2022 Mise en relation avec des renforts structurels sur les deux tron\u00e7ons<\/h5>\n<h5>\u2022 Poign\u00e9e fendue en EVA avec poign\u00e9e avant profil\u00e9e<\/h5>\n<h5>\u2022 Porte-moulinet \u00e0 vis en graphite et acier<\/h5>\n","protected":false},"excerpt":{"rendered":"<p>\u2022 Pointe fendue avec pointe en E-Glass extr\u00eamement robuste, en phase de traction, dot\u00e9 d&rsquo;une grande sensibilit\u00e9 \u2022 Mise en<\/p>\n","protected":false},"featured_media":3416,"comment_status":"open","ping_status":"closed","template":"","meta":[],"product_brand":[],"product_cat":[32,71],"product_tag":[],"class_list":{"0":"post-3415","1":"product","2":"type-product","3":"status-publish","4":"has-post-thumbnail","6":"product_cat-bateau","7":"product_cat-cannes","9":"first","10":"instock","11":"taxable","12":"shipping-taxable","13":"purchasable","14":"product-type-simple"},"jetpack_sharing_enabled":true,"_links":{"self":[{"href":"https:\/\/directionpeche.tn\/index.php?rest_route=\/wp\/v2\/product\/3415","targetHints":{"allow":["GET"]}}],"collection":[{"href":"https:\/\/directionpeche.tn\/index.php?rest_route=\/wp\/v2\/product"}],"about":[{"href":"https:\/\/directionpeche.tn\/index.php?rest_route=\/wp\/v2\/types\/product"}],"replies":[{"embeddable":true,"href":"https:\/\/directionpeche.tn\/index.php?rest_route=%2Fwp%2Fv2%2Fcomments&post=3415"}],"version-history":[{"count":1,"href":"https:\/\/directionpeche.tn\/index.php?rest_route=\/wp\/v2\/product\/3415\/revisions"}],"predecessor-version":[{"id":3419,"href":"https:\/\/directionpeche.tn\/index.php?rest_route=\/wp\/v2\/product\/3415\/revisions\/3419"}],"wp:featuredmedia":[{"embeddable":true,"href":"https:\/\/directionpeche.tn\/index.php?rest_route=\/wp\/v2\/media\/3416"}],"wp:attachment":[{"href":"https:\/\/directionpeche.tn\/index.php?rest_route=%2Fwp%2Fv2%2Fmedia&parent=3415"}],"wp:term":[{"taxonomy":"product_brand","embeddable":true,"href":"https:\/\/directionpeche.tn\/index.php?rest_route=%2Fwp%2Fv2%2Fproduct_brand&post=3415"},{"taxonomy":"product_cat","embeddable":true,"href":"https:\/\/directionpeche.tn\/index.php?rest_route=%2Fwp%2Fv2%2Fproduct_cat&post=3415"},{"taxonomy":"product_tag","embeddable":true,"href":"https:\/\/directionpeche.tn\/index.php?rest_route=%2Fwp%2Fv2%2Fproduct_tag&post=3415"}],"curies":[{"name":"wp","href":"https:\/\/api.w.org\/{rel}","templated":true}]}}