{"id":3438,"date":"2025-06-26T11:16:24","date_gmt":"2025-06-26T11:16:24","guid":{"rendered":"https:\/\/directionpeche.tn\/?post_type=product&#038;p=3438"},"modified":"2025-06-26T11:16:24","modified_gmt":"2025-06-26T11:16:24","slug":"canne-trabucco-oceanic-storm-surf","status":"publish","type":"product","link":"https:\/\/directionpeche.tn\/?product=canne-trabucco-oceanic-storm-surf","title":{"rendered":"CANNE TRABUCCO OCEANIC STORM SURF"},"content":{"rendered":"<h5 id=\"tw-target-text\" class=\"tw-data-text tw-text-large tw-ta\" dir=\"ltr\" data-placeholder=\"Traduction\" data-ved=\"2ahUKEwixirXf-Y6OAxWGLPsDHVQYAD4Q3ewLegQICRAV\" aria-label=\"Texte traduit\u00a0: \u2022 Canne t\u00e9lescopique puissante \u00e0 5 brins \u00e0 action parabolique, id\u00e9ale pour la p\u00eache \u00e0 la plage, en falaise ou sur les quais.\n\n\u2022 Renforts aux articulations avec bandes de carbone crois\u00e9es.\n\n\u2022 Pointe tubulaire en carbone avec finition peinte haute visibilit\u00e9.\n\n\u2022 Porte-moulinet \u00e0 vis int\u00e9gr\u00e9 en graphite avec joue en acier anticorrosion.\n\n\u2022 Poign\u00e9e inf\u00e9rieure en mat\u00e9riau antid\u00e9rapant pour une excellente prise en main lors des lancers.\n\nTAILLE MT 4,00\n\nDIM 129 CM\n\n4 BRINS\n\nCASTING GR 200\"><span class=\"Y2IQFc\" lang=\"fr\">\u2022 Canne t\u00e9lescopique puissante \u00e0 5 brins \u00e0 action parabolique, id\u00e9ale pour la p\u00eache \u00e0 la plage, en falaise ou sur les quais. <\/span><\/h5>\n<h5 class=\"tw-data-text tw-text-large tw-ta\" dir=\"ltr\" data-placeholder=\"Traduction\" data-ved=\"2ahUKEwixirXf-Y6OAxWGLPsDHVQYAD4Q3ewLegQICRAV\" aria-label=\"Texte traduit\u00a0: \u2022 Canne t\u00e9lescopique puissante \u00e0 5 brins \u00e0 action parabolique, id\u00e9ale pour la p\u00eache \u00e0 la plage, en falaise ou sur les quais.\n\n\u2022 Renforts aux articulations avec bandes de carbone crois\u00e9es.\n\n\u2022 Pointe tubulaire en carbone avec finition peinte haute visibilit\u00e9.\n\n\u2022 Porte-moulinet \u00e0 vis int\u00e9gr\u00e9 en graphite avec joue en acier anticorrosion.\n\n\u2022 Poign\u00e9e inf\u00e9rieure en mat\u00e9riau antid\u00e9rapant pour une excellente prise en main lors des lancers.\n\nTAILLE MT 4,00\n\nDIM 129 CM\n\n4 BRINS\n\nCASTING GR 200\"><span class=\"Y2IQFc\" lang=\"fr\">\u2022 Renforts aux articulations avec bandes de carbone crois\u00e9es. <\/span><\/h5>\n<h5 class=\"tw-data-text tw-text-large tw-ta\" dir=\"ltr\" data-placeholder=\"Traduction\" data-ved=\"2ahUKEwixirXf-Y6OAxWGLPsDHVQYAD4Q3ewLegQICRAV\" aria-label=\"Texte traduit\u00a0: \u2022 Canne t\u00e9lescopique puissante \u00e0 5 brins \u00e0 action parabolique, id\u00e9ale pour la p\u00eache \u00e0 la plage, en falaise ou sur les quais.\n\n\u2022 Renforts aux articulations avec bandes de carbone crois\u00e9es.\n\n\u2022 Pointe tubulaire en carbone avec finition peinte haute visibilit\u00e9.\n\n\u2022 Porte-moulinet \u00e0 vis int\u00e9gr\u00e9 en graphite avec joue en acier anticorrosion.\n\n\u2022 Poign\u00e9e inf\u00e9rieure en mat\u00e9riau antid\u00e9rapant pour une excellente prise en main lors des lancers.\n\nTAILLE MT 4,00\n\nDIM 129 CM\n\n4 BRINS\n\nCASTING GR 200\"><span class=\"Y2IQFc\" lang=\"fr\">\u2022 Pointe tubulaire en carbone avec finition peinte haute visibilit\u00e9. <\/span><\/h5>\n<h5 class=\"tw-data-text tw-text-large tw-ta\" dir=\"ltr\" data-placeholder=\"Traduction\" data-ved=\"2ahUKEwixirXf-Y6OAxWGLPsDHVQYAD4Q3ewLegQICRAV\" aria-label=\"Texte traduit\u00a0: \u2022 Canne t\u00e9lescopique puissante \u00e0 5 brins \u00e0 action parabolique, id\u00e9ale pour la p\u00eache \u00e0 la plage, en falaise ou sur les quais.\n\n\u2022 Renforts aux articulations avec bandes de carbone crois\u00e9es.\n\n\u2022 Pointe tubulaire en carbone avec finition peinte haute visibilit\u00e9.\n\n\u2022 Porte-moulinet \u00e0 vis int\u00e9gr\u00e9 en graphite avec joue en acier anticorrosion.\n\n\u2022 Poign\u00e9e inf\u00e9rieure en mat\u00e9riau antid\u00e9rapant pour une excellente prise en main lors des lancers.\n\nTAILLE MT 4,00\n\nDIM 129 CM\n\n4 BRINS\n\nCASTING GR 200\"><span class=\"Y2IQFc\" lang=\"fr\">\u2022 Porte-moulinet \u00e0 vis int\u00e9gr\u00e9 en graphite avec joue en acier anticorrosion. <\/span><\/h5>\n<h5 class=\"tw-data-text tw-text-large tw-ta\" dir=\"ltr\" data-placeholder=\"Traduction\" data-ved=\"2ahUKEwixirXf-Y6OAxWGLPsDHVQYAD4Q3ewLegQICRAV\" aria-label=\"Texte traduit\u00a0: \u2022 Canne t\u00e9lescopique puissante \u00e0 5 brins \u00e0 action parabolique, id\u00e9ale pour la p\u00eache \u00e0 la plage, en falaise ou sur les quais.\n\n\u2022 Renforts aux articulations avec bandes de carbone crois\u00e9es.\n\n\u2022 Pointe tubulaire en carbone avec finition peinte haute visibilit\u00e9.\n\n\u2022 Porte-moulinet \u00e0 vis int\u00e9gr\u00e9 en graphite avec joue en acier anticorrosion.\n\n\u2022 Poign\u00e9e inf\u00e9rieure en mat\u00e9riau antid\u00e9rapant pour une excellente prise en main lors des lancers.\n\nTAILLE MT 4,00\n\nDIM 129 CM\n\n4 BRINS\n\nCASTING GR 200\"><span class=\"Y2IQFc\" lang=\"fr\">\u2022 Poign\u00e9e inf\u00e9rieure en mat\u00e9riau antid\u00e9rapant pour une excellente prise en main lors des lancers.<\/span><\/h5>\n<h5 class=\"tw-data-text tw-text-large tw-ta\" dir=\"ltr\" data-placeholder=\"Traduction\" data-ved=\"2ahUKEwixirXf-Y6OAxWGLPsDHVQYAD4Q3ewLegQICRAV\" aria-label=\"Texte traduit\u00a0: \u2022 Canne t\u00e9lescopique puissante \u00e0 5 brins \u00e0 action parabolique, id\u00e9ale pour la p\u00eache \u00e0 la plage, en falaise ou sur les quais.\n\n\u2022 Renforts aux articulations avec bandes de carbone crois\u00e9es.\n\n\u2022 Pointe tubulaire en carbone avec finition peinte haute visibilit\u00e9.\n\n\u2022 Porte-moulinet \u00e0 vis int\u00e9gr\u00e9 en graphite avec joue en acier anticorrosion.\n\n\u2022 Poign\u00e9e inf\u00e9rieure en mat\u00e9riau antid\u00e9rapant pour une excellente prise en main lors des lancers.\n\nTAILLE MT 4,00\n\nDIM 129 CM\n\n4 BRINS\n\nCASTING GR 200\"><span class=\"Y2IQFc\" lang=\"fr\">TAILLE MT 4,00 DIM 129 CM 4 BRINS CASTING GR 200<\/span><\/h5>\n","protected":false},"excerpt":{"rendered":"<p>\u2022 Canne t\u00e9lescopique puissante \u00e0 5 brins \u00e0 action parabolique, id\u00e9ale pour la p\u00eache \u00e0 la plage, en falaise ou<\/p>\n","protected":false},"featured_media":3439,"comment_status":"open","ping_status":"closed","template":"","meta":[],"product_brand":[],"product_cat":[78,22],"product_tag":[],"class_list":{"0":"post-3438","1":"product","2":"type-product","3":"status-publish","4":"has-post-thumbnail","6":"product_cat-cannessurfcasting","7":"product_cat-surfcasting","9":"first","10":"instock","11":"taxable","12":"shipping-taxable","13":"purchasable","14":"product-type-simple"},"jetpack_sharing_enabled":true,"_links":{"self":[{"href":"https:\/\/directionpeche.tn\/index.php?rest_route=\/wp\/v2\/product\/3438","targetHints":{"allow":["GET"]}}],"collection":[{"href":"https:\/\/directionpeche.tn\/index.php?rest_route=\/wp\/v2\/product"}],"about":[{"href":"https:\/\/directionpeche.tn\/index.php?rest_route=\/wp\/v2\/types\/product"}],"replies":[{"embeddable":true,"href":"https:\/\/directionpeche.tn\/index.php?rest_route=%2Fwp%2Fv2%2Fcomments&post=3438"}],"version-history":[{"count":1,"href":"https:\/\/directionpeche.tn\/index.php?rest_route=\/wp\/v2\/product\/3438\/revisions"}],"predecessor-version":[{"id":3440,"href":"https:\/\/directionpeche.tn\/index.php?rest_route=\/wp\/v2\/product\/3438\/revisions\/3440"}],"wp:featuredmedia":[{"embeddable":true,"href":"https:\/\/directionpeche.tn\/index.php?rest_route=\/wp\/v2\/media\/3439"}],"wp:attachment":[{"href":"https:\/\/directionpeche.tn\/index.php?rest_route=%2Fwp%2Fv2%2Fmedia&parent=3438"}],"wp:term":[{"taxonomy":"product_brand","embeddable":true,"href":"https:\/\/directionpeche.tn\/index.php?rest_route=%2Fwp%2Fv2%2Fproduct_brand&post=3438"},{"taxonomy":"product_cat","embeddable":true,"href":"https:\/\/directionpeche.tn\/index.php?rest_route=%2Fwp%2Fv2%2Fproduct_cat&post=3438"},{"taxonomy":"product_tag","embeddable":true,"href":"https:\/\/directionpeche.tn\/index.php?rest_route=%2Fwp%2Fv2%2Fproduct_tag&post=3438"}],"curies":[{"name":"wp","href":"https:\/\/api.w.org\/{rel}","templated":true}]}}