{"id":3478,"date":"2025-07-29T11:34:42","date_gmt":"2025-07-29T11:34:42","guid":{"rendered":"https:\/\/directionpeche.tn\/?post_type=product&#038;p=3478"},"modified":"2025-10-27T08:51:24","modified_gmt":"2025-10-27T08:51:24","slug":"toilette-wc-portable","status":"publish","type":"product","link":"https:\/\/directionpeche.tn\/?product=toilette-wc-portable","title":{"rendered":"TOILETTE WC PORTABLE"},"content":{"rendered":"<h5>Cette toilette portable noire est con\u00e7ue pour les voyages en plein air. Elle peut \u00eatre utilis\u00e9e comme toilette ou bo\u00eete de rangement lors de vos d\u00e9placements en voiture et en camping<\/h5>\n<h5>en plein air, ce qui vous apporte une grande commodit\u00e9. \u00c9quip\u00e9e d&rsquo;un sac de rangement, elle peut \u00e9galement \u00eatre accroch\u00e9e au sac lors d&rsquo;une randonn\u00e9e.<\/h5>\n<h5>Charge Max 150KG<\/h5>\n<h5>COULEUR NOIR<\/h5>\n","protected":false},"excerpt":{"rendered":"<p>Cette toilette portable noire est con\u00e7ue pour les voyages en plein air. Elle peut \u00eatre utilis\u00e9e comme toilette ou bo\u00eete<\/p>\n","protected":false},"featured_media":3479,"comment_status":"open","ping_status":"closed","template":"","meta":[],"product_brand":[],"product_cat":[404],"product_tag":[],"class_list":{"0":"post-3478","1":"product","2":"type-product","3":"status-publish","4":"has-post-thumbnail","6":"product_cat-campingloisirs","8":"first","9":"outofstock","10":"taxable","11":"shipping-taxable","12":"purchasable","13":"product-type-simple"},"jetpack_sharing_enabled":true,"_links":{"self":[{"href":"https:\/\/directionpeche.tn\/index.php?rest_route=\/wp\/v2\/product\/3478","targetHints":{"allow":["GET"]}}],"collection":[{"href":"https:\/\/directionpeche.tn\/index.php?rest_route=\/wp\/v2\/product"}],"about":[{"href":"https:\/\/directionpeche.tn\/index.php?rest_route=\/wp\/v2\/types\/product"}],"replies":[{"embeddable":true,"href":"https:\/\/directionpeche.tn\/index.php?rest_route=%2Fwp%2Fv2%2Fcomments&post=3478"}],"version-history":[{"count":1,"href":"https:\/\/directionpeche.tn\/index.php?rest_route=\/wp\/v2\/product\/3478\/revisions"}],"predecessor-version":[{"id":3481,"href":"https:\/\/directionpeche.tn\/index.php?rest_route=\/wp\/v2\/product\/3478\/revisions\/3481"}],"wp:featuredmedia":[{"embeddable":true,"href":"https:\/\/directionpeche.tn\/index.php?rest_route=\/wp\/v2\/media\/3479"}],"wp:attachment":[{"href":"https:\/\/directionpeche.tn\/index.php?rest_route=%2Fwp%2Fv2%2Fmedia&parent=3478"}],"wp:term":[{"taxonomy":"product_brand","embeddable":true,"href":"https:\/\/directionpeche.tn\/index.php?rest_route=%2Fwp%2Fv2%2Fproduct_brand&post=3478"},{"taxonomy":"product_cat","embeddable":true,"href":"https:\/\/directionpeche.tn\/index.php?rest_route=%2Fwp%2Fv2%2Fproduct_cat&post=3478"},{"taxonomy":"product_tag","embeddable":true,"href":"https:\/\/directionpeche.tn\/index.php?rest_route=%2Fwp%2Fv2%2Fproduct_tag&post=3478"}],"curies":[{"name":"wp","href":"https:\/\/api.w.org\/{rel}","templated":true}]}}