{"id":3550,"date":"2025-10-14T13:22:08","date_gmt":"2025-10-14T13:22:08","guid":{"rendered":"https:\/\/directionpeche.tn\/?post_type=product&#038;p=3550"},"modified":"2026-01-29T09:52:55","modified_gmt":"2026-01-29T09:52:55","slug":"fil-fluorocarbon-sasame-superfine-50m","status":"publish","type":"product","link":"https:\/\/directionpeche.tn\/?product=fil-fluorocarbon-sasame-superfine-50m","title":{"rendered":"FIL FLUOROCARBON SASAME SUPERFINE 50M"},"content":{"rendered":"<p>C\u2019est un fluoro 100% et 100% Made In Japan, invisible sous l\u2019eau, il poss\u00e8de un indice r\u00e9fraction de la lumi\u00e8re proche de celui de l\u2019eau, il s\u2019av\u00e8re \u00eatre r\u00e9sistant \u00e0 l\u2019abrasion .<\/p>\n<p>Il int\u00e8gre \u00e9galement la technologie GK qui en fait un fluoro carbon EX-NoMemory. Vu qu\u2019il n\u2019a pas de m\u00e9moire \u00e7a permet de l\u2019enrouler sur de toutes petites bobines, ce qui facilite le rangement pour le p\u00eacheur.<\/p>\n<p>Choisir le SuperFine Sasame c\u2019est choisir la fiabilit\u00e9 d\u2019un fluoro Japonais 100%, sans se ruiner<\/p>\n","protected":false},"excerpt":{"rendered":"<p>C\u2019est un fluoro 100% et 100% Made In Japan, invisible sous l\u2019eau, il poss\u00e8de un indice r\u00e9fraction de la lumi\u00e8re<\/p>\n","protected":false},"featured_media":3551,"comment_status":"open","ping_status":"closed","template":"","meta":[],"product_brand":[],"product_cat":[32,74,80,22],"product_tag":[],"class_list":{"0":"post-3550","1":"product","2":"type-product","3":"status-publish","4":"has-post-thumbnail","6":"product_cat-bateau","7":"product_cat-fils","8":"product_cat-fils-surfcasting","9":"product_cat-surfcasting","11":"first","12":"instock","13":"taxable","14":"shipping-taxable","15":"purchasable","16":"product-type-variable"},"jetpack_sharing_enabled":true,"_links":{"self":[{"href":"https:\/\/directionpeche.tn\/index.php?rest_route=\/wp\/v2\/product\/3550","targetHints":{"allow":["GET"]}}],"collection":[{"href":"https:\/\/directionpeche.tn\/index.php?rest_route=\/wp\/v2\/product"}],"about":[{"href":"https:\/\/directionpeche.tn\/index.php?rest_route=\/wp\/v2\/types\/product"}],"replies":[{"embeddable":true,"href":"https:\/\/directionpeche.tn\/index.php?rest_route=%2Fwp%2Fv2%2Fcomments&post=3550"}],"version-history":[{"count":1,"href":"https:\/\/directionpeche.tn\/index.php?rest_route=\/wp\/v2\/product\/3550\/revisions"}],"predecessor-version":[{"id":3559,"href":"https:\/\/directionpeche.tn\/index.php?rest_route=\/wp\/v2\/product\/3550\/revisions\/3559"}],"wp:featuredmedia":[{"embeddable":true,"href":"https:\/\/directionpeche.tn\/index.php?rest_route=\/wp\/v2\/media\/3551"}],"wp:attachment":[{"href":"https:\/\/directionpeche.tn\/index.php?rest_route=%2Fwp%2Fv2%2Fmedia&parent=3550"}],"wp:term":[{"taxonomy":"product_brand","embeddable":true,"href":"https:\/\/directionpeche.tn\/index.php?rest_route=%2Fwp%2Fv2%2Fproduct_brand&post=3550"},{"taxonomy":"product_cat","embeddable":true,"href":"https:\/\/directionpeche.tn\/index.php?rest_route=%2Fwp%2Fv2%2Fproduct_cat&post=3550"},{"taxonomy":"product_tag","embeddable":true,"href":"https:\/\/directionpeche.tn\/index.php?rest_route=%2Fwp%2Fv2%2Fproduct_tag&post=3550"}],"curies":[{"name":"wp","href":"https:\/\/api.w.org\/{rel}","templated":true}]}}