{"id":3671,"date":"2025-12-24T12:40:40","date_gmt":"2025-12-24T12:40:40","guid":{"rendered":"https:\/\/directionpeche.tn\/?post_type=product&#038;p=3671"},"modified":"2025-12-24T12:45:44","modified_gmt":"2025-12-24T12:45:44","slug":"moulinet-trabucco-emery-surf-8000-surfcasting","status":"publish","type":"product","link":"https:\/\/directionpeche.tn\/?product=moulinet-trabucco-emery-surf-8000-surfcasting","title":{"rendered":"MOULINET TRABUCCO EMERY XS SURF 8000 SURFCASTING"},"content":{"rendered":"<p><strong>Il provient d&rsquo;un projet extr\u00eamement moderne, fortement influenc\u00e9 par l&rsquo;utilisation croissante de lignes tress\u00e9es qui transforme le surfcasting, et le r\u00e9sultat obtenu est unique sur le march\u00e9. Comme toujours, le ph\u00e9nom\u00e8ne a commenc\u00e9 dans le champ de la concurrence, o\u00f9 la possibilit\u00e9 de lancer plus loin que les adversaires est un facteur de succ\u00e8s, o\u00f9 les diam\u00e8tres de 0,08 mm ne font peur \u00e0 personne. Les lignes tress\u00e9es de haute qualit\u00e9, telles que le Trabucco X8 Nage Pro Surf, sont tr\u00e8s lisses et sont donc pos\u00e9es sur la bobine du d\u00e9vidoir de mani\u00e8re plus soign\u00e9e que les monofilaments en nylon. En cons\u00e9quence, la forme de la bobine peut \u00eatre nettement amincie car il n\u2019ya aucun risque de d\u00e9gagement incontr\u00f4l\u00e9 de la ligne. Au moment de la coul\u00e9e, tant de discipline produit des bobines souples, au profit des distances \u00e0 atteindre. C\u2019est pourquoi l\u2019Emery Surf est vou\u00e9e \u00e0 un brillant succ\u00e8s, avec sa bobine en aluminium ultraconique qui poss\u00e8de m\u00eame deux jumeaux en PTFE, qui font partie de son \u00e9quipement standard.<\/strong><\/p>\n<p>&nbsp;<\/p>\n<div><strong>Au-del\u00e0 de la bobine en aluminium principale, Emery Surf est fournie avec deux bobines suppl\u00e9mentaires en PTFE, fabriqu\u00e9es dans des couleurs diff\u00e9rentes pour permettre \u00e0 l&rsquo;utilisateur de connecter la couleur au type de ligne pr\u00e9c\u00e9demment charg\u00e9, en les reconnaissant instantan\u00e9ment. Leur profil montre la capacit\u00e9 calibr\u00e9e pour permettre le chargement de la ligne principale sans recourir \u00e0 aucun support, ainsi que le design en \u00abV\u00bb de la l\u00e8vre sup\u00e9rieure, ce qui facilite la sortie rapide de la ligne lors de la coul\u00e9e.<\/strong><\/div>\n","protected":false},"excerpt":{"rendered":"<p>Il provient d&rsquo;un projet extr\u00eamement moderne, fortement influenc\u00e9 par l&rsquo;utilisation croissante de lignes tress\u00e9es qui transforme le surfcasting, et le<\/p>\n","protected":false},"featured_media":3676,"comment_status":"open","ping_status":"closed","template":"","meta":[],"product_brand":[],"product_cat":[79,22],"product_tag":[],"class_list":{"0":"post-3671","1":"product","2":"type-product","3":"status-publish","4":"has-post-thumbnail","6":"product_cat-moulinetssurfcasting","7":"product_cat-surfcasting","9":"first","10":"instock","11":"taxable","12":"shipping-taxable","13":"purchasable","14":"product-type-simple"},"jetpack_sharing_enabled":true,"_links":{"self":[{"href":"https:\/\/directionpeche.tn\/index.php?rest_route=\/wp\/v2\/product\/3671","targetHints":{"allow":["GET"]}}],"collection":[{"href":"https:\/\/directionpeche.tn\/index.php?rest_route=\/wp\/v2\/product"}],"about":[{"href":"https:\/\/directionpeche.tn\/index.php?rest_route=\/wp\/v2\/types\/product"}],"replies":[{"embeddable":true,"href":"https:\/\/directionpeche.tn\/index.php?rest_route=%2Fwp%2Fv2%2Fcomments&post=3671"}],"version-history":[{"count":2,"href":"https:\/\/directionpeche.tn\/index.php?rest_route=\/wp\/v2\/product\/3671\/revisions"}],"predecessor-version":[{"id":3678,"href":"https:\/\/directionpeche.tn\/index.php?rest_route=\/wp\/v2\/product\/3671\/revisions\/3678"}],"wp:featuredmedia":[{"embeddable":true,"href":"https:\/\/directionpeche.tn\/index.php?rest_route=\/wp\/v2\/media\/3676"}],"wp:attachment":[{"href":"https:\/\/directionpeche.tn\/index.php?rest_route=%2Fwp%2Fv2%2Fmedia&parent=3671"}],"wp:term":[{"taxonomy":"product_brand","embeddable":true,"href":"https:\/\/directionpeche.tn\/index.php?rest_route=%2Fwp%2Fv2%2Fproduct_brand&post=3671"},{"taxonomy":"product_cat","embeddable":true,"href":"https:\/\/directionpeche.tn\/index.php?rest_route=%2Fwp%2Fv2%2Fproduct_cat&post=3671"},{"taxonomy":"product_tag","embeddable":true,"href":"https:\/\/directionpeche.tn\/index.php?rest_route=%2Fwp%2Fv2%2Fproduct_tag&post=3671"}],"curies":[{"name":"wp","href":"https:\/\/api.w.org\/{rel}","templated":true}]}}