{"id":3679,"date":"2025-12-24T12:56:50","date_gmt":"2025-12-24T12:56:50","guid":{"rendered":"https:\/\/directionpeche.tn\/?post_type=product&#038;p=3679"},"modified":"2025-12-25T11:03:10","modified_gmt":"2025-12-25T11:03:10","slug":"moulinet-airblade-trabucco-sw-4500","status":"publish","type":"product","link":"https:\/\/directionpeche.tn\/?product=moulinet-airblade-trabucco-sw-4500","title":{"rendered":"MOULINET AIRBLADE TRABUCCO SW 4500"},"content":{"rendered":"<div class=\"product-info__description col s12\">\n<div class=\"product-info__description__text\">\n<div>\u2022 Corps ultrafin en alliage m\u00e9tallique a\u00e9rospatial<\/div>\n<div>\u2022 Absence totale de vis externes<\/div>\n<div>\u2022 Rotor en alliage m\u00e9tallique super l\u00e9ger pour l&rsquo;a\u00e9rospatiale<\/div>\n<div>\u2022 Bobine en aluminium<\/div>\n<div>\u2022 Rouleau en fil de titane<\/div>\n<div>\u2022 Appareil Free Runner<\/div>\n<div>\u2022 Anti-retour infini<\/div>\n<div>\u2022 Poign\u00e9e en aluminium inclinable \u00e0 bouton-poussoir<\/div>\n<\/div>\n<\/div>\n<div class=\"heading-description\"><\/div>\n","protected":false},"excerpt":{"rendered":"<p>\u2022 Corps ultrafin en alliage m\u00e9tallique a\u00e9rospatial \u2022 Absence totale de vis externes \u2022 Rotor en alliage m\u00e9tallique super l\u00e9ger<\/p>\n","protected":false},"featured_media":3684,"comment_status":"open","ping_status":"closed","template":"","meta":[],"product_brand":[],"product_cat":[32,72],"product_tag":[],"class_list":{"0":"post-3679","1":"product","2":"type-product","3":"status-publish","4":"has-post-thumbnail","6":"product_cat-bateau","7":"product_cat-moulinetsbateau","9":"first","10":"instock","11":"taxable","12":"shipping-taxable","13":"purchasable","14":"product-type-simple"},"jetpack_sharing_enabled":true,"_links":{"self":[{"href":"https:\/\/directionpeche.tn\/index.php?rest_route=\/wp\/v2\/product\/3679","targetHints":{"allow":["GET"]}}],"collection":[{"href":"https:\/\/directionpeche.tn\/index.php?rest_route=\/wp\/v2\/product"}],"about":[{"href":"https:\/\/directionpeche.tn\/index.php?rest_route=\/wp\/v2\/types\/product"}],"replies":[{"embeddable":true,"href":"https:\/\/directionpeche.tn\/index.php?rest_route=%2Fwp%2Fv2%2Fcomments&post=3679"}],"version-history":[{"count":2,"href":"https:\/\/directionpeche.tn\/index.php?rest_route=\/wp\/v2\/product\/3679\/revisions"}],"predecessor-version":[{"id":3687,"href":"https:\/\/directionpeche.tn\/index.php?rest_route=\/wp\/v2\/product\/3679\/revisions\/3687"}],"wp:featuredmedia":[{"embeddable":true,"href":"https:\/\/directionpeche.tn\/index.php?rest_route=\/wp\/v2\/media\/3684"}],"wp:attachment":[{"href":"https:\/\/directionpeche.tn\/index.php?rest_route=%2Fwp%2Fv2%2Fmedia&parent=3679"}],"wp:term":[{"taxonomy":"product_brand","embeddable":true,"href":"https:\/\/directionpeche.tn\/index.php?rest_route=%2Fwp%2Fv2%2Fproduct_brand&post=3679"},{"taxonomy":"product_cat","embeddable":true,"href":"https:\/\/directionpeche.tn\/index.php?rest_route=%2Fwp%2Fv2%2Fproduct_cat&post=3679"},{"taxonomy":"product_tag","embeddable":true,"href":"https:\/\/directionpeche.tn\/index.php?rest_route=%2Fwp%2Fv2%2Fproduct_tag&post=3679"}],"curies":[{"name":"wp","href":"https:\/\/api.w.org\/{rel}","templated":true}]}}