{"id":3688,"date":"2025-12-27T11:44:03","date_gmt":"2025-12-27T11:44:03","guid":{"rendered":"https:\/\/directionpeche.tn\/?post_type=product&#038;p=3688"},"modified":"2026-01-07T10:03:55","modified_gmt":"2026-01-07T10:03:55","slug":"canne-trabucco-andromeda-4-20m-xt-beach-100gr","status":"publish","type":"product","link":"https:\/\/directionpeche.tn\/?product=canne-trabucco-andromeda-4-20m-xt-beach-100gr","title":{"rendered":"CANNE TRABUCCO ANDROMEDA 4.20M XT BEACH 100GR"},"content":{"rendered":"<p>\u2022 Cadre t\u00e9lescopique fin \u00e0 5 sections pour une action rapide et r\u00e9active<br \/>\n\u2022 Blank en carbone S.H.M.R. haute r\u00e9sistance<br \/>\n\u2022 Anneaux doubles pattes S-SiC avec cadres r\u00e9sistants \u00e0 la corrosion et joints toriques de protection int\u00e9gr\u00e9s sur toutes les spires<br \/>\n\u2022 Porte-moulinet ergonomique \u00e0 vis en graphite, tr\u00e8s stable et confortable, avec capuchon en acier inoxydable recouvert de caoutchouc<br \/>\n\u2022 Embout en aluminium avec insert en caoutchouc<\/p>\n","protected":false},"excerpt":{"rendered":"<p>\u2022 Cadre t\u00e9lescopique fin \u00e0 5 sections pour une action rapide et r\u00e9active \u2022 Blank en carbone S.H.M.R. haute r\u00e9sistance<\/p>\n","protected":false},"featured_media":3689,"comment_status":"open","ping_status":"closed","template":"","meta":[],"product_brand":[],"product_cat":[78,22],"product_tag":[],"class_list":{"0":"post-3688","1":"product","2":"type-product","3":"status-publish","4":"has-post-thumbnail","6":"product_cat-cannessurfcasting","7":"product_cat-surfcasting","9":"first","10":"instock","11":"taxable","12":"shipping-taxable","13":"purchasable","14":"product-type-variable"},"jetpack_sharing_enabled":true,"_links":{"self":[{"href":"https:\/\/directionpeche.tn\/index.php?rest_route=\/wp\/v2\/product\/3688","targetHints":{"allow":["GET"]}}],"collection":[{"href":"https:\/\/directionpeche.tn\/index.php?rest_route=\/wp\/v2\/product"}],"about":[{"href":"https:\/\/directionpeche.tn\/index.php?rest_route=\/wp\/v2\/types\/product"}],"replies":[{"embeddable":true,"href":"https:\/\/directionpeche.tn\/index.php?rest_route=%2Fwp%2Fv2%2Fcomments&post=3688"}],"version-history":[{"count":1,"href":"https:\/\/directionpeche.tn\/index.php?rest_route=\/wp\/v2\/product\/3688\/revisions"}],"predecessor-version":[{"id":3690,"href":"https:\/\/directionpeche.tn\/index.php?rest_route=\/wp\/v2\/product\/3688\/revisions\/3690"}],"wp:featuredmedia":[{"embeddable":true,"href":"https:\/\/directionpeche.tn\/index.php?rest_route=\/wp\/v2\/media\/3689"}],"wp:attachment":[{"href":"https:\/\/directionpeche.tn\/index.php?rest_route=%2Fwp%2Fv2%2Fmedia&parent=3688"}],"wp:term":[{"taxonomy":"product_brand","embeddable":true,"href":"https:\/\/directionpeche.tn\/index.php?rest_route=%2Fwp%2Fv2%2Fproduct_brand&post=3688"},{"taxonomy":"product_cat","embeddable":true,"href":"https:\/\/directionpeche.tn\/index.php?rest_route=%2Fwp%2Fv2%2Fproduct_cat&post=3688"},{"taxonomy":"product_tag","embeddable":true,"href":"https:\/\/directionpeche.tn\/index.php?rest_route=%2Fwp%2Fv2%2Fproduct_tag&post=3688"}],"curies":[{"name":"wp","href":"https:\/\/api.w.org\/{rel}","templated":true}]}}