{"id":3691,"date":"2026-01-05T09:38:53","date_gmt":"2026-01-05T09:38:53","guid":{"rendered":"https:\/\/directionpeche.tn\/?post_type=product&#038;p=3691"},"modified":"2026-01-05T09:39:29","modified_gmt":"2026-01-05T09:39:29","slug":"moulinet-trabucco-sonic-xs-surf","status":"publish","type":"product","link":"https:\/\/directionpeche.tn\/?product=moulinet-trabucco-sonic-xs-surf","title":{"rendered":"MOULINET TRABUCCO SONIC XS SURF"},"content":{"rendered":"<div>\u2022 1 roulement \u00e0 billes Long Life System<\/div>\n<div>\u2022 Antid\u00e9vireur multistop<\/div>\n<div>\u2022 Frein avant micro-r\u00e9glable avec disques surdimensionn\u00e9s<\/div>\n<div>\u2022 Bobine ultral\u00e9g\u00e8re Long Cast Superlight<\/div>\n<div>\u2022 Fil de qualit\u00e9 Max Plus d\u00e9j\u00e0 charg\u00e9 sur la canette<\/div>\n<div>\u2022 Galet guide-fil AS (Anti Twist System)<\/div>\n<div>\u2022 Poign\u00e9e \u00e9quilibr\u00e9e avec bouton ergonomique<\/div>\n","protected":false},"excerpt":{"rendered":"<p>\u2022 1 roulement \u00e0 billes Long Life System \u2022 Antid\u00e9vireur multistop \u2022 Frein avant micro-r\u00e9glable avec disques surdimensionn\u00e9s \u2022 Bobine<\/p>\n","protected":false},"featured_media":3693,"comment_status":"open","ping_status":"closed","template":"","meta":[],"product_brand":[],"product_cat":[32,72,79,22],"product_tag":[],"class_list":{"0":"post-3691","1":"product","2":"type-product","3":"status-publish","4":"has-post-thumbnail","6":"product_cat-bateau","7":"product_cat-moulinetsbateau","8":"product_cat-moulinetssurfcasting","9":"product_cat-surfcasting","11":"first","12":"instock","13":"taxable","14":"shipping-taxable","15":"purchasable","16":"product-type-variable"},"jetpack_sharing_enabled":true,"_links":{"self":[{"href":"https:\/\/directionpeche.tn\/index.php?rest_route=\/wp\/v2\/product\/3691","targetHints":{"allow":["GET"]}}],"collection":[{"href":"https:\/\/directionpeche.tn\/index.php?rest_route=\/wp\/v2\/product"}],"about":[{"href":"https:\/\/directionpeche.tn\/index.php?rest_route=\/wp\/v2\/types\/product"}],"replies":[{"embeddable":true,"href":"https:\/\/directionpeche.tn\/index.php?rest_route=%2Fwp%2Fv2%2Fcomments&post=3691"}],"version-history":[{"count":2,"href":"https:\/\/directionpeche.tn\/index.php?rest_route=\/wp\/v2\/product\/3691\/revisions"}],"predecessor-version":[{"id":3697,"href":"https:\/\/directionpeche.tn\/index.php?rest_route=\/wp\/v2\/product\/3691\/revisions\/3697"}],"wp:featuredmedia":[{"embeddable":true,"href":"https:\/\/directionpeche.tn\/index.php?rest_route=\/wp\/v2\/media\/3693"}],"wp:attachment":[{"href":"https:\/\/directionpeche.tn\/index.php?rest_route=%2Fwp%2Fv2%2Fmedia&parent=3691"}],"wp:term":[{"taxonomy":"product_brand","embeddable":true,"href":"https:\/\/directionpeche.tn\/index.php?rest_route=%2Fwp%2Fv2%2Fproduct_brand&post=3691"},{"taxonomy":"product_cat","embeddable":true,"href":"https:\/\/directionpeche.tn\/index.php?rest_route=%2Fwp%2Fv2%2Fproduct_cat&post=3691"},{"taxonomy":"product_tag","embeddable":true,"href":"https:\/\/directionpeche.tn\/index.php?rest_route=%2Fwp%2Fv2%2Fproduct_tag&post=3691"}],"curies":[{"name":"wp","href":"https:\/\/api.w.org\/{rel}","templated":true}]}}