{"id":3710,"date":"2026-01-07T10:19:36","date_gmt":"2026-01-07T10:19:36","guid":{"rendered":"https:\/\/directionpeche.tn\/?post_type=product&#038;p=3710"},"modified":"2026-01-07T10:19:36","modified_gmt":"2026-01-07T10:19:36","slug":"canne-trabucco-folgore-master-beach-4-20m-110gr","status":"publish","type":"product","link":"https:\/\/directionpeche.tn\/?product=canne-trabucco-folgore-master-beach-4-20m-110gr","title":{"rendered":"CANNE TRABUCCO FOLGORE MASTER BEACH 4.20M 110GR"},"content":{"rendered":"<div>\u2022 Canne id\u00e9ale pour p\u00eacher depuis la plage, les jet\u00e9es ou les r\u00e9cifs, avec action semi-parabolique<\/div>\n<div>\u2022 Fourni avec 2 embouts interchangeables tout carbone, peints en couleurs fluo pour une grande visibilit\u00e9 :<\/div>\n<div>L\u00e9ger (jaune, 20-50 g) et lourd (orange, 60-110 g)<\/div>\n<div>\u2022 Partie finale des pointes color\u00e9e avec de la peinture tr\u00e8s visible<\/div>\n<div>\u2022 Porte-moulinet ergonomique \u00e0 vis DNPS en graphite et curseur en acier inoxydable, tr\u00e8s stable et capable de<\/div>\n<div>peut \u00e9galement accueillir de grandes bobines<\/div>\n<div>\u2022 Grip inf\u00e9rieur antid\u00e9rapant avec une excellente adh\u00e9rence pendant la phase de lancer<\/div>\n","protected":false},"excerpt":{"rendered":"<p>\u2022 Canne id\u00e9ale pour p\u00eacher depuis la plage, les jet\u00e9es ou les r\u00e9cifs, avec action semi-parabolique \u2022 Fourni avec 2<\/p>\n","protected":false},"featured_media":3718,"comment_status":"open","ping_status":"closed","template":"","meta":[],"product_brand":[],"product_cat":[78,22],"product_tag":[],"class_list":{"0":"post-3710","1":"product","2":"type-product","3":"status-publish","4":"has-post-thumbnail","6":"product_cat-cannessurfcasting","7":"product_cat-surfcasting","9":"first","10":"instock","11":"taxable","12":"shipping-taxable","13":"purchasable","14":"product-type-variable"},"jetpack_sharing_enabled":true,"_links":{"self":[{"href":"https:\/\/directionpeche.tn\/index.php?rest_route=\/wp\/v2\/product\/3710","targetHints":{"allow":["GET"]}}],"collection":[{"href":"https:\/\/directionpeche.tn\/index.php?rest_route=\/wp\/v2\/product"}],"about":[{"href":"https:\/\/directionpeche.tn\/index.php?rest_route=\/wp\/v2\/types\/product"}],"replies":[{"embeddable":true,"href":"https:\/\/directionpeche.tn\/index.php?rest_route=%2Fwp%2Fv2%2Fcomments&post=3710"}],"version-history":[{"count":1,"href":"https:\/\/directionpeche.tn\/index.php?rest_route=\/wp\/v2\/product\/3710\/revisions"}],"predecessor-version":[{"id":3721,"href":"https:\/\/directionpeche.tn\/index.php?rest_route=\/wp\/v2\/product\/3710\/revisions\/3721"}],"wp:featuredmedia":[{"embeddable":true,"href":"https:\/\/directionpeche.tn\/index.php?rest_route=\/wp\/v2\/media\/3718"}],"wp:attachment":[{"href":"https:\/\/directionpeche.tn\/index.php?rest_route=%2Fwp%2Fv2%2Fmedia&parent=3710"}],"wp:term":[{"taxonomy":"product_brand","embeddable":true,"href":"https:\/\/directionpeche.tn\/index.php?rest_route=%2Fwp%2Fv2%2Fproduct_brand&post=3710"},{"taxonomy":"product_cat","embeddable":true,"href":"https:\/\/directionpeche.tn\/index.php?rest_route=%2Fwp%2Fv2%2Fproduct_cat&post=3710"},{"taxonomy":"product_tag","embeddable":true,"href":"https:\/\/directionpeche.tn\/index.php?rest_route=%2Fwp%2Fv2%2Fproduct_tag&post=3710"}],"curies":[{"name":"wp","href":"https:\/\/api.w.org\/{rel}","templated":true}]}}