{"id":3722,"date":"2026-01-07T10:40:31","date_gmt":"2026-01-07T10:40:31","guid":{"rendered":"https:\/\/directionpeche.tn\/?post_type=product&#038;p=3722"},"modified":"2026-01-07T10:40:31","modified_gmt":"2026-01-07T10:40:31","slug":"canne-trabucco-aeras-xt-beach","status":"publish","type":"product","link":"https:\/\/directionpeche.tn\/?product=canne-trabucco-aeras-xt-beach","title":{"rendered":"CANNE TRABUCCO AERAS XT BEACH"},"content":{"rendered":"<p>\u2022 Canne con\u00e7ue pour la p\u00eache l\u00e9g\u00e8re en bord de mer, sur rochers ou jet\u00e9es<br \/>\n\u2022 Blank fin en carbone haut module CX-1 Micro Pitch, faible teneur en r\u00e9sine et action semi-parabolique<br \/>\n\u2022 Joints en feuilles de carbone crois\u00e9es \u00e0 45\u00b0 pour une courbe d&rsquo;action parfaite (joint en X)<br \/>\n\u2022 Technologie Twist Free sur le talon et la partie inf\u00e9rieure de la section centrale pour une pr\u00e9cision de lancer \u00e9lev\u00e9e et une distance accrue<br \/>\n\u2022 Livr\u00e9e avec 2 scions interchangeables en carbone massif : 60 g (l\u00e9ger), 100 g (lourd)<br \/>\n\u2022 Partie finale des scions color\u00e9e avec un ruban r\u00e9fl\u00e9chissant<br \/>\n\u2022 Finition ext\u00e9rieure du blank Slick Surface qui repousse l&rsquo;humidit\u00e9 et les gouttes d&rsquo;eau pour \u00e9viter que le fil ne colle \u00e0 la canne<\/p>\n","protected":false},"excerpt":{"rendered":"<p>\u2022 Canne con\u00e7ue pour la p\u00eache l\u00e9g\u00e8re en bord de mer, sur rochers ou jet\u00e9es \u2022 Blank fin en carbone<\/p>\n","protected":false},"featured_media":3728,"comment_status":"open","ping_status":"closed","template":"","meta":[],"product_brand":[],"product_cat":[78,22],"product_tag":[],"class_list":{"0":"post-3722","1":"product","2":"type-product","3":"status-publish","4":"has-post-thumbnail","6":"product_cat-cannessurfcasting","7":"product_cat-surfcasting","9":"first","10":"instock","11":"taxable","12":"shipping-taxable","13":"purchasable","14":"product-type-simple"},"jetpack_sharing_enabled":true,"_links":{"self":[{"href":"https:\/\/directionpeche.tn\/index.php?rest_route=\/wp\/v2\/product\/3722","targetHints":{"allow":["GET"]}}],"collection":[{"href":"https:\/\/directionpeche.tn\/index.php?rest_route=\/wp\/v2\/product"}],"about":[{"href":"https:\/\/directionpeche.tn\/index.php?rest_route=\/wp\/v2\/types\/product"}],"replies":[{"embeddable":true,"href":"https:\/\/directionpeche.tn\/index.php?rest_route=%2Fwp%2Fv2%2Fcomments&post=3722"}],"version-history":[{"count":1,"href":"https:\/\/directionpeche.tn\/index.php?rest_route=\/wp\/v2\/product\/3722\/revisions"}],"predecessor-version":[{"id":3729,"href":"https:\/\/directionpeche.tn\/index.php?rest_route=\/wp\/v2\/product\/3722\/revisions\/3729"}],"wp:featuredmedia":[{"embeddable":true,"href":"https:\/\/directionpeche.tn\/index.php?rest_route=\/wp\/v2\/media\/3728"}],"wp:attachment":[{"href":"https:\/\/directionpeche.tn\/index.php?rest_route=%2Fwp%2Fv2%2Fmedia&parent=3722"}],"wp:term":[{"taxonomy":"product_brand","embeddable":true,"href":"https:\/\/directionpeche.tn\/index.php?rest_route=%2Fwp%2Fv2%2Fproduct_brand&post=3722"},{"taxonomy":"product_cat","embeddable":true,"href":"https:\/\/directionpeche.tn\/index.php?rest_route=%2Fwp%2Fv2%2Fproduct_cat&post=3722"},{"taxonomy":"product_tag","embeddable":true,"href":"https:\/\/directionpeche.tn\/index.php?rest_route=%2Fwp%2Fv2%2Fproduct_tag&post=3722"}],"curies":[{"name":"wp","href":"https:\/\/api.w.org\/{rel}","templated":true}]}}