{"id":3819,"date":"2026-03-31T11:54:25","date_gmt":"2026-03-31T11:54:25","guid":{"rendered":"https:\/\/directionpeche.tn\/?post_type=product&#038;p=3819"},"modified":"2026-03-31T11:54:25","modified_gmt":"2026-03-31T11:54:25","slug":"mini-porte-appat","status":"publish","type":"product","link":"https:\/\/directionpeche.tn\/?product=mini-porte-appat","title":{"rendered":"MINI PORTE APPAT"},"content":{"rendered":"<ul class=\"a-unordered-list a-vertical a-spacing-mini\">\n<li class=\"a-spacing-mini\"><span class=\"a-list-item\">Domaine d&rsquo;application: Le mini plateau d&rsquo;app\u00e2t traction est largement utilis\u00e9 pour les amateurs de p\u00eache, rivi\u00e8re, mer de la piscine ainsi de suite.<\/span><\/li>\n<li class=\"a-spacing-mini\"><span class=\"a-list-item\">Boucle: Le mini plateau d&rsquo;app\u00e2t traction est livr\u00e9 avec une boucle, utilis\u00e9e pour fixer le mini-plateau d&rsquo;app\u00e2t tirez sur votre chaise de p\u00eache, ce qui est pratique pratique.<\/span><\/li>\n<li class=\"a-spacing-mini\"><span class=\"a-list-item\">Magn\u00e9tique: La pierre magn\u00e9tique central peut absorber \u00e9troitement votre crochet app\u00e2t m\u00e9tal d&rsquo;autres petits objets m\u00e9talliques pour \u00e9viter de perdre.<\/span><\/li>\n<li class=\"a-spacing-mini\"><span class=\"a-list-item\">Pic t\u00e9lescopique: Le mini plateau d&rsquo;app\u00e2t traction est attach\u00e9 avec une pointe t\u00e9lescopique qui est utilis\u00e9 pour vous aider \u00e0 installer le mini-plateau d&rsquo;app\u00e2t traction sur facilement. vous pouvez librement ajuster sa hauteur.<\/span><\/li>\n<li class=\"a-spacing-mini\"><span class=\"a-list-item\">3 En 1: Le mini plateau d&rsquo;app\u00e2t traction avec trois couches plaques d&rsquo;app\u00e2t peut \u00eatre 360 degr\u00e9s mis en rotation en fonction de la situation pratique que vous voulez, ce qui est \u00e9galement plus pratique pour tirer l&rsquo;app\u00e2t \u00e0 des anges multiples.<\/span><\/li>\n<\/ul>\n","protected":false},"excerpt":{"rendered":"<p>Domaine d&rsquo;application: Le mini plateau d&rsquo;app\u00e2t traction est largement utilis\u00e9 pour les amateurs de p\u00eache, rivi\u00e8re, mer de la piscine<\/p>\n","protected":false},"featured_media":3821,"comment_status":"open","ping_status":"closed","template":"","meta":[],"product_brand":[],"product_cat":[85,22],"product_tag":[],"class_list":{"0":"post-3819","1":"product","2":"type-product","3":"status-publish","4":"has-post-thumbnail","6":"product_cat-accessoiresdivers-surfcasting","7":"product_cat-surfcasting","9":"first","10":"instock","11":"taxable","12":"shipping-taxable","13":"purchasable","14":"product-type-simple"},"jetpack_sharing_enabled":true,"_links":{"self":[{"href":"https:\/\/directionpeche.tn\/index.php?rest_route=\/wp\/v2\/product\/3819","targetHints":{"allow":["GET"]}}],"collection":[{"href":"https:\/\/directionpeche.tn\/index.php?rest_route=\/wp\/v2\/product"}],"about":[{"href":"https:\/\/directionpeche.tn\/index.php?rest_route=\/wp\/v2\/types\/product"}],"replies":[{"embeddable":true,"href":"https:\/\/directionpeche.tn\/index.php?rest_route=%2Fwp%2Fv2%2Fcomments&post=3819"}],"version-history":[{"count":2,"href":"https:\/\/directionpeche.tn\/index.php?rest_route=\/wp\/v2\/product\/3819\/revisions"}],"predecessor-version":[{"id":3823,"href":"https:\/\/directionpeche.tn\/index.php?rest_route=\/wp\/v2\/product\/3819\/revisions\/3823"}],"wp:featuredmedia":[{"embeddable":true,"href":"https:\/\/directionpeche.tn\/index.php?rest_route=\/wp\/v2\/media\/3821"}],"wp:attachment":[{"href":"https:\/\/directionpeche.tn\/index.php?rest_route=%2Fwp%2Fv2%2Fmedia&parent=3819"}],"wp:term":[{"taxonomy":"product_brand","embeddable":true,"href":"https:\/\/directionpeche.tn\/index.php?rest_route=%2Fwp%2Fv2%2Fproduct_brand&post=3819"},{"taxonomy":"product_cat","embeddable":true,"href":"https:\/\/directionpeche.tn\/index.php?rest_route=%2Fwp%2Fv2%2Fproduct_cat&post=3819"},{"taxonomy":"product_tag","embeddable":true,"href":"https:\/\/directionpeche.tn\/index.php?rest_route=%2Fwp%2Fv2%2Fproduct_tag&post=3819"}],"curies":[{"name":"wp","href":"https:\/\/api.w.org\/{rel}","templated":true}]}}